{"id":1229,"date":"2022-02-13T15:44:41","date_gmt":"2022-02-13T15:44:41","guid":{"rendered":"https:\/\/bora.haecker.ee\/?page_id=1229"},"modified":"2022-06-01T13:34:54","modified_gmt":"2022-06-01T13:34:54","slug":"kontakt","status":"publish","type":"page","link":"https:\/\/bora.haecker.ee\/ru\/kontakt\/","title":{"rendered":"BORA &#8211; Kontakt"},"content":{"rendered":"<div data-elementor-type=\"wp-page\" data-elementor-id=\"1229\" class=\"elementor elementor-1229\">\n\t\t\t\t\t\t\t\t\t<section class=\"elementor-section elementor-top-section elementor-element elementor-element-41ba31a elementor-section-full_width elementor-section-height-default elementor-section-height-default\" data-id=\"41ba31a\" data-element_type=\"section\" data-settings=\"{&quot;background_background&quot;:&quot;classic&quot;}\">\n\t\t\t\t\t\t<div class=\"elementor-container elementor-column-gap-default\">\n\t\t\t\t\t<div class=\"elementor-column elementor-col-100 elementor-top-column elementor-element elementor-element-d192825\" data-id=\"d192825\" data-element_type=\"column\">\n\t\t\t<div class=\"elementor-widget-wrap\">\n\t\t\t\t\t\t\t\t\t<\/div>\n\t\t<\/div>\n\t\t\t\t\t\t\t<\/div>\n\t\t<\/section>\n\t\t\t\t<section class=\"elementor-section elementor-top-section elementor-element elementor-element-8e362b4 elementor-section-boxed elementor-section-height-default elementor-section-height-default\" data-id=\"8e362b4\" data-element_type=\"section\" data-settings=\"{&quot;background_background&quot;:&quot;classic&quot;}\">\n\t\t\t\t\t\t<div class=\"elementor-container elementor-column-gap-default\">\n\t\t\t\t\t<div class=\"elementor-column elementor-col-100 elementor-top-column elementor-element elementor-element-ad236fb\" data-id=\"ad236fb\" data-element_type=\"column\">\n\t\t\t<div class=\"elementor-widget-wrap elementor-element-populated\">\n\t\t\t\t\t\t\t\t<div class=\"elementor-element elementor-element-ecb3331 elementor-widget elementor-widget-heading\" data-id=\"ecb3331\" data-element_type=\"widget\" data-widget_type=\"heading.default\">\n\t\t\t\t<div class=\"elementor-widget-container\">\n\t\t\t<style>\/*! elementor - v3.11.3 - 07-03-2023 *\/\n.elementor-heading-title{padding:0;margin:0;line-height:1}.elementor-widget-heading .elementor-heading-title[class*=elementor-size-]>a{color:inherit;font-size:inherit;line-height:inherit}.elementor-widget-heading .elementor-heading-title.elementor-size-small{font-size:15px}.elementor-widget-heading .elementor-heading-title.elementor-size-medium{font-size:19px}.elementor-widget-heading .elementor-heading-title.elementor-size-large{font-size:29px}.elementor-widget-heading .elementor-heading-title.elementor-size-xl{font-size:39px}.elementor-widget-heading .elementor-heading-title.elementor-size-xxl{font-size:59px}<\/style><h2 class=\"elementor-heading-title elementor-size-default\">\u041a\u041e\u041d\u0422\u0410\u041a\u0422<\/h2>\t\t<\/div>\n\t\t\t\t<\/div>\n\t\t\t\t\t<\/div>\n\t\t<\/div>\n\t\t\t\t\t\t\t<\/div>\n\t\t<\/section>\n\t\t\t\t<section class=\"elementor-section elementor-top-section elementor-element elementor-element-f8478af elementor-section-boxed elementor-section-height-default elementor-section-height-default\" data-id=\"f8478af\" data-element_type=\"section\">\n\t\t\t\t\t\t<div class=\"elementor-container elementor-column-gap-default\">\n\t\t\t\t\t<div class=\"elementor-column elementor-col-100 elementor-top-column elementor-element elementor-element-bbb9a8c\" data-id=\"bbb9a8c\" data-element_type=\"column\">\n\t\t\t<div class=\"elementor-widget-wrap elementor-element-populated\">\n\t\t\t\t\t\t\t\t<div class=\"elementor-element elementor-element-e257dad elementor-widget elementor-widget-shortcode\" data-id=\"e257dad\" data-element_type=\"widget\" data-widget_type=\"shortcode.default\">\n\t\t\t\t<div class=\"elementor-widget-container\">\n\t\t\t\t\t<div class=\"elementor-shortcode\"><div class=\"wpforms-container wpforms-container-full send-contact-form\" id=\"wpforms-1083\"><form id=\"wpforms-form-1083\" class=\"wpforms-validate wpforms-form wpforms-ajax-form\" data-formid=\"1083\" method=\"post\" enctype=\"multipart\/form-data\" action=\"\/ru\/wp-json\/wp\/v2\/pages\/1229\" data-token=\"3ce0d56d94a977df7727a9fac8deac41\" data-token-time=\"1778841079\" data-trp-original-action=\"\/ru\/wp-json\/wp\/v2\/pages\/1229\"><noscript class=\"wpforms-error-noscript\">\u0414\u043b\u044f \u0437\u0430\u043f\u043e\u043b\u043d\u0435\u043d\u0438\u044f \u0434\u0430\u043d\u043d\u043e\u0439 \u0444\u043e\u0440\u043c\u044b \u0432\u043a\u043b\u044e\u0447\u0438\u0442\u0435 JavaScript \u0432 \u0431\u0440\u0430\u0443\u0437\u0435\u0440\u0435.<\/noscript><div class=\"wpforms-field-container\"><div id=\"wpforms-1083-field_3-container\" class=\"wpforms-field wpforms-field-text\" data-field-id=\"3\"><label class=\"wpforms-field-label\" for=\"wpforms-1083-field_3\">\u0418\u043c\u044f<\/label><input type=\"text\" id=\"wpforms-1083-field_3\" class=\"wpforms-field-medium\" name=\"wpforms[fields][3]\" ><\/div><div id=\"wpforms-1083-field_2-container\" class=\"wpforms-field wpforms-field-textarea\" data-field-id=\"2\"><label class=\"wpforms-field-label\" for=\"wpforms-1083-field_2\">\u0421\u043e\u0434\u0435\u0440\u0436\u0430\u043d\u0438\u0435 <span class=\"wpforms-required-label\">*<\/span><\/label><textarea id=\"wpforms-1083-field_2\" class=\"wpforms-field-medium wpforms-field-required\" name=\"wpforms[fields][2]\" required><\/textarea><\/div><div id=\"wpforms-1083-field_6-container\" class=\"wpforms-field wpforms-field-text\" data-field-id=\"6\"><label class=\"wpforms-field-label\" for=\"wpforms-1083-field_6\">Telefoninumber <span class=\"wpforms-required-label\">*<\/span><\/label><input type=\"text\" id=\"wpforms-1083-field_6\" class=\"wpforms-field-medium wpforms-field-required\" name=\"wpforms[fields][6]\" required><\/div><div id=\"wpforms-1083-field_11-container\" class=\"wpforms-field wpforms-field-text\" data-field-id=\"11\"><label class=\"wpforms-field-label\" for=\"wpforms-1083-field_11\">\u042d\u043b. \u043f\u043e\u0447\u0442\u0430 <span class=\"wpforms-required-label\">*<\/span><\/label><input type=\"text\" id=\"wpforms-1083-field_11\" class=\"wpforms-field-medium wpforms-field-required\" name=\"wpforms[fields][11]\" required><\/div><\/div><!-- .wpforms-field-container --><div class=\"wpforms-recaptcha-container wpforms-is-hcaptcha\" ><div class=\"h-captcha\" data-sitekey=\"cc359521-50cc-47d5-8e6c-d9f4606c1733\"><\/div><input type=\"text\" name=\"g-recaptcha-hidden\" class=\"wpforms-recaptcha-hidden\" style=\"position:absolute!important;clip:rect(0,0,0,0)!important;height:1px!important;width:1px!important;border:0!important;overflow:hidden!important;padding:0!important;margin:0!important;\" data-rule-hcaptcha=\"1\"><\/div><div class=\"wpforms-submit-container\" ><input type=\"hidden\" name=\"wpforms[id]\" value=\"1083\"><input type=\"hidden\" name=\"page_title\" value=\"\"><input type=\"hidden\" name=\"page_url\" value=\"https:\/\/bora.haecker.ee\/ru\/wp-json\/wp\/v2\/pages\/1229\"><input type=\"hidden\" name=\"url_referer\" value=\"\"><button type=\"submit\" name=\"wpforms[submit]\" id=\"wpforms-submit-1083\" class=\"wpforms-submit send-contact-button\" data-alt-text=\"SAADAB...\" data-submit-text=\"SAADA\" aria-live=\"assertive\" value=\"wpforms-submit\">\u041e\u0422\u041f\u0420\u0410\u0412\u0418\u0422\u042c<\/button><img decoding=\"async\" src=\"https:\/\/bora.haecker.ee\/wp-content\/plugins\/wpforms-lite\/assets\/images\/submit-spin.svg\" class=\"wpforms-submit-spinner\" style=\"display: none;\" width=\"26\" height=\"26\" alt=\"\u0417\u0430\u0433\u0440\u0443\u0437\u043a\u0430\"><\/div><input type=\"hidden\" name=\"trp-form-language\" value=\"ru\"\/><\/form><\/div>  <!-- .wpforms-container --><\/div>\n\t\t\t\t<\/div>\n\t\t\t\t<\/div>\n\t\t\t\t\t<\/div>\n\t\t<\/div>\n\t\t\t\t\t\t\t<\/div>\n\t\t<\/section>\n\t\t\t\t<section class=\"elementor-section elementor-top-section elementor-element elementor-element-7bb7d76 elementor-section-boxed elementor-section-height-default elementor-section-height-default\" data-id=\"7bb7d76\" data-element_type=\"section\">\n\t\t\t\t\t\t<div class=\"elementor-container elementor-column-gap-default\">\n\t\t\t\t\t<div class=\"elementor-column elementor-col-33 elementor-top-column elementor-element elementor-element-8efd2e3\" data-id=\"8efd2e3\" data-element_type=\"column\">\n\t\t\t<div class=\"elementor-widget-wrap elementor-element-populated\">\n\t\t\t\t\t\t\t\t<div class=\"elementor-element elementor-element-2e97842 elementor-widget elementor-widget-text-editor\" data-id=\"2e97842\" data-element_type=\"widget\" data-widget_type=\"text-editor.default\">\n\t\t\t\t<div class=\"elementor-widget-container\">\n\t\t\t<style>\/*! elementor - v3.11.3 - 07-03-2023 *\/\n.elementor-widget-text-editor.elementor-drop-cap-view-stacked .elementor-drop-cap{background-color:#818a91;color:#fff}.elementor-widget-text-editor.elementor-drop-cap-view-framed .elementor-drop-cap{color:#818a91;border:3px solid;background-color:transparent}.elementor-widget-text-editor:not(.elementor-drop-cap-view-default) .elementor-drop-cap{margin-top:8px}.elementor-widget-text-editor:not(.elementor-drop-cap-view-default) .elementor-drop-cap-letter{width:1em;height:1em}.elementor-widget-text-editor .elementor-drop-cap{float:left;text-align:center;line-height:1;font-size:50px}.elementor-widget-text-editor .elementor-drop-cap-letter{display:inline-block}<\/style>\t\t\t\t<p><strong>H\u00e4cker \u0432\u044b\u0441\u0442\u0430\u0432\u043e\u0447\u043d\u044b\u0439 \u0437\u0430\u043b \u0432 \u0422\u0430\u043b\u043b\u0438\u043d\u043d\u0435 \u2013 BORA EESTI Gold Partner<\/strong><\/p><p><strong style=\"color: var( --e-global-color-text ); font-family: var( --e-global-typography-text-font-family ), Sans-serif; font-size: var(--bodyFontSize); letter-spacing: var(--bodyLetterSpacing); text-transform: var(--bodyTextTransform); background-color: var(--nv-site-bg);\">P\u00e4rnu mnt 126, Tallinn<\/strong><\/p><p>\u0422\u0435\u043b\u0435\u0444\u043e\u043d: +372 600 0182<br \/>\u042d\u043b. \u043f\u043e\u0447\u0442\u0430: info@haecker.ee<br \/><strong>\u041f\u043e-\u041f\u044f<\/strong>\u00a010:00 \u2013 18:00 |\u00a0<strong>\u0421.<\/strong>\u00a0\u0417\u0430\u043a\u0440\u044b\u0442\u043e (\u041e\u0431\u0441\u043b\u0443\u0436\u0438\u0432\u0430\u043d\u0438\u0435 \u0442\u043e\u043b\u044c\u043a\u043e \u043f\u043e \u043f\u0440\u0435\u0434\u0432\u0430\u0440\u0438\u0442\u0435\u043b\u044c\u043d\u043e\u0439 \u0434\u043e\u0433\u043e\u0432\u043e\u0440\u0435\u043d\u043d\u043e\u0441\u0442\u0438)\u00a0<strong>\u0412.<\/strong>\u00a0\u0417\u0430\u043a\u0440\u044b\u0442\u043e<\/p>\t\t\t\t\t\t<\/div>\n\t\t\t\t<\/div>\n\t\t\t\t<div class=\"elementor-element elementor-element-3be8c55 elementor-widget elementor-widget-google_maps\" data-id=\"3be8c55\" data-element_type=\"widget\" data-widget_type=\"google_maps.default\">\n\t\t\t\t<div class=\"elementor-widget-container\">\n\t\t\t<style>\/*! elementor - v3.11.3 - 07-03-2023 *\/\n.elementor-widget-google_maps .elementor-widget-container{overflow:hidden}.elementor-widget-google_maps .elementor-custom-embed{line-height:0}.elementor-widget-google_maps iframe{height:300px}<\/style>\t\t<div class=\"elementor-custom-embed\">\n\t\t\t<iframe loading=\"lazy\"\n\t\t\t\t\tsrc=\"https:\/\/maps.google.com\/maps?q=P%C3%A4rnu%20mnt%20126&#038;t=m&#038;z=17&#038;output=embed&#038;iwloc=near\"\n\t\t\t\t\ttitle=\"P\u00e4rnu mnt 126\"\n\t\t\t\t\taria-label=\"P\u00e4rnu mnt 126\"\n\t\t\t><\/iframe>\n\t\t<\/div>\n\t\t\t\t<\/div>\n\t\t\t\t<\/div>\n\t\t\t\t\t<\/div>\n\t\t<\/div>\n\t\t\t\t<div class=\"elementor-column elementor-col-33 elementor-top-column elementor-element elementor-element-a295407\" data-id=\"a295407\" data-element_type=\"column\">\n\t\t\t<div class=\"elementor-widget-wrap elementor-element-populated\">\n\t\t\t\t\t\t\t\t<div class=\"elementor-element elementor-element-a505c11 elementor-widget elementor-widget-text-editor\" data-id=\"a505c11\" data-element_type=\"widget\" data-widget_type=\"text-editor.default\">\n\t\t\t\t<div class=\"elementor-widget-container\">\n\t\t\t\t\t\t\t<p><strong>H\u00e4cker Tartu &#8211; BORA EESTI Gold Partner<\/strong><\/p><p><strong style=\"color: var( --e-global-color-text ); font-family: var( --e-global-typography-text-font-family ), Sans-serif; background-color: var(--nv-site-bg); font-size: var(--bodyFontSize); letter-spacing: var(--bodyLetterSpacing); text-transform: var(--bodyTextTransform);\">S\u00f5bra 54, Tartu<\/strong><\/p><p>Tel: +372 730 3022<br>E-mail: tartu@haecker.ee<br><strong>\u041f\u043e-\u041f\u044f<\/strong>&nbsp;10:00 \u2013 18:00 |&nbsp;<strong>\u0421.<\/strong>&nbsp;\u0417\u0430\u043a\u0440\u044b\u0442\u043e (\u041e\u0431\u0441\u043b\u0443\u0436\u0438\u0432\u0430\u043d\u0438\u0435 \u0442\u043e\u043b\u044c\u043a\u043e \u043f\u043e \u043f\u0440\u0435\u0434\u0432\u0430\u0440\u0438\u0442\u0435\u043b\u044c\u043d\u043e\u0439 \u0434\u043e\u0433\u043e\u0432\u043e\u0440\u0435\u043d\u043d\u043e\u0441\u0442\u0438)&nbsp;<strong>\u0412.<\/strong>&nbsp;\u0417\u0430\u043a\u0440\u044b\u0442\u043e<\/p>\t\t\t\t\t\t<\/div>\n\t\t\t\t<\/div>\n\t\t\t\t<div class=\"elementor-element elementor-element-94c83c4 elementor-widget elementor-widget-google_maps\" data-id=\"94c83c4\" data-element_type=\"widget\" data-widget_type=\"google_maps.default\">\n\t\t\t\t<div class=\"elementor-widget-container\">\n\t\t\t\t\t<div class=\"elementor-custom-embed\">\n\t\t\t<iframe loading=\"lazy\"\n\t\t\t\t\tsrc=\"https:\/\/maps.google.com\/maps?q=S%C3%B5bra%2054%2C%20Tartu&#038;t=m&#038;z=16&#038;output=embed&#038;iwloc=near\"\n\t\t\t\t\ttitle=\"S\u00f5bra 54, Tartu\"\n\t\t\t\t\taria-label=\"S\u00f5bra 54, Tartu\"\n\t\t\t><\/iframe>\n\t\t<\/div>\n\t\t\t\t<\/div>\n\t\t\t\t<\/div>\n\t\t\t\t\t<\/div>\n\t\t<\/div>\n\t\t\t\t<div class=\"elementor-column elementor-col-33 elementor-top-column elementor-element elementor-element-906f231\" data-id=\"906f231\" data-element_type=\"column\">\n\t\t\t<div class=\"elementor-widget-wrap elementor-element-populated\">\n\t\t\t\t\t\t\t\t<div class=\"elementor-element elementor-element-c06bfca elementor-widget elementor-widget-text-editor\" data-id=\"c06bfca\" data-element_type=\"widget\" data-widget_type=\"text-editor.default\">\n\t\t\t\t<div class=\"elementor-widget-container\">\n\t\t\t\t\t\t\t<p><strong>H\u00e4cker P\u00e4rnu &#8211; BORA EESTI Gold Partner<\/strong><\/p>\n<p><strong><br>Hommiku 1 , P\u00e4rnu<\/strong><br>\u0422\u0435\u043b\u0435\u0444\u043e\u043d: +372 444 0470<br>\u042d\u043b. \u043f\u043e\u0447\u0442\u0430: parnu@haecker.ee<br><strong>\u041f\u043e-\u041f\u044f<\/strong>&nbsp;11:00 \u2013 18:00 |&nbsp;<strong>\u0421.<\/strong>&nbsp;\u0417\u0430\u043a\u0440\u044b\u0442\u043e (\u041e\u0431\u0441\u043b\u0443\u0436\u0438\u0432\u0430\u043d\u0438\u0435 \u0442\u043e\u043b\u044c\u043a\u043e \u043f\u043e \u043f\u0440\u0435\u0434\u0432\u0430\u0440\u0438\u0442\u0435\u043b\u044c\u043d\u043e\u0439 \u0434\u043e\u0433\u043e\u0432\u043e\u0440\u0435\u043d\u043d\u043e\u0441\u0442\u0438)&nbsp;<strong>\u0412.<\/strong>&nbsp;\u0417\u0430\u043a\u0440\u044b\u0442\u043e<\/p>\t\t\t\t\t\t<\/div>\n\t\t\t\t<\/div>\n\t\t\t\t<div class=\"elementor-element elementor-element-fb404e4 elementor-widget elementor-widget-google_maps\" data-id=\"fb404e4\" data-element_type=\"widget\" data-widget_type=\"google_maps.default\">\n\t\t\t\t<div class=\"elementor-widget-container\">\n\t\t\t\t\t<div class=\"elementor-custom-embed\">\n\t\t\t<iframe loading=\"lazy\"\n\t\t\t\t\tsrc=\"https:\/\/maps.google.com\/maps?q=Hommiku%201%2C%20p%C3%84RNU&#038;t=m&#038;z=18&#038;output=embed&#038;iwloc=near\"\n\t\t\t\t\ttitle=\"Hommiku 1, p\u00c4RNU\"\n\t\t\t\t\taria-label=\"Hommiku 1, p\u00c4RNU\"\n\t\t\t><\/iframe>\n\t\t<\/div>\n\t\t\t\t<\/div>\n\t\t\t\t<\/div>\n\t\t\t\t\t<\/div>\n\t\t<\/div>\n\t\t\t\t\t\t\t<\/div>\n\t\t<\/section>\n\t\t\t\t\t\t\t<\/div>","protected":false},"excerpt":{"rendered":"<p>KONTAKT H\u00e4cker esindussalong Tallinnas &#8211; BORA EESTI Gold Partner P\u00e4rnu mnt 126, Tallinn Tel: +372 600 0182E-mail: info@haecker.eeE-R\u00a010:00 \u2013 18:00 |\u00a0L.\u00a0Suletud ( avatud ainult eelneval kokkuleppel )\u00a0 |\u00a0P.\u00a0Suletud H\u00e4cker Tartu &#8211; BORA EESTI Gold Partner S\u00f5bra 54, Tartu Tel: +372 730 3022E-mail: tartu@haecker.eeE-R&nbsp;10:00 \u2013 18:00 |&nbsp;L.&nbsp;Kokkuleppel. |&nbsp;P.&nbsp;Suletud H\u00e4cker P\u00e4rnu &#8211; BORA EESTI Gold Partner Hommiku&hellip;&nbsp;<a href=\"https:\/\/bora.haecker.ee\/ru\/kontakt\/\" class=\"\" rel=\"bookmark\">\u041f\u043e\u0434\u0440\u043e\u0431\u043d\u0435\u0435 &raquo;<span class=\"screen-reader-text\">BORA &#8211; Kontakt<\/span><\/a><\/p>","protected":false},"author":6,"featured_media":0,"parent":0,"menu_order":0,"comment_status":"closed","ping_status":"closed","template":"page-templates\/template-pagebuilder-full-width.php","meta":{"neve_meta_sidebar":"","neve_meta_container":"","neve_meta_enable_content_width":"","neve_meta_content_width":0,"neve_meta_title_alignment":"","neve_meta_author_avatar":"","neve_post_elements_order":"","neve_meta_disable_header":"","neve_meta_disable_footer":"","neve_meta_disable_title":""},"yoast_head":"<!-- This site is optimized with the Yoast SEO plugin v20.4 - https:\/\/yoast.com\/wordpress\/plugins\/seo\/ -->\n<title>BORA - Kontakt - Bora EESTI K\u00f6\u00f6gitehnika - Gold Partner<\/title>\n<meta name=\"robots\" content=\"index, follow, max-snippet:-1, max-image-preview:large, max-video-preview:-1\" \/>\n<link rel=\"canonical\" href=\"https:\/\/bora.haecker.ee\/ru\/kontakt\/\" \/>\n<meta property=\"og:locale\" content=\"ru_RU\" \/>\n<meta property=\"og:type\" content=\"article\" \/>\n<meta property=\"og:title\" content=\"BORA - Kontakt - Bora EESTI K\u00f6\u00f6gitehnika - Gold Partner\" \/>\n<meta property=\"og:description\" content=\"KONTAKT H\u00e4cker esindussalong Tallinnas &#8211; BORA EESTI Gold Partner P\u00e4rnu mnt 126, Tallinn Tel: +372 600 0182E-mail: info@haecker.eeE-R\u00a010:00 \u2013 18:00 |\u00a0L.\u00a0Suletud ( avatud ainult eelneval kokkuleppel )\u00a0 |\u00a0P.\u00a0Suletud H\u00e4cker Tartu &#8211; BORA EESTI Gold Partner S\u00f5bra 54, Tartu Tel: +372 730 3022E-mail: tartu@haecker.eeE-R&nbsp;10:00 \u2013 18:00 |&nbsp;L.&nbsp;Kokkuleppel. |&nbsp;P.&nbsp;Suletud H\u00e4cker P\u00e4rnu &#8211; BORA EESTI Gold Partner Hommiku&hellip;&nbsp;\u041f\u043e\u0434\u0440\u043e\u0431\u043d\u0435\u0435 &raquo;BORA &#8211; Kontakt\" \/>\n<meta property=\"og:url\" content=\"https:\/\/bora.haecker.ee\/ru\/kontakt\/\" \/>\n<meta property=\"og:site_name\" content=\"Bora EESTI K\u00f6\u00f6gitehnika - Gold Partner\" \/>\n<meta property=\"article:publisher\" content=\"https:\/\/www.facebook.com\/BORA-Eesti-106926541987101\" \/>\n<meta property=\"article:modified_time\" content=\"2022-06-01T13:34:54+00:00\" \/>\n<meta name=\"twitter:card\" content=\"summary_large_image\" \/>\n<meta name=\"twitter:label1\" content=\"\u041f\u0440\u0438\u043c\u0435\u0440\u043d\u043e\u0435 \u0432\u0440\u0435\u043c\u044f \u0434\u043b\u044f \u0447\u0442\u0435\u043d\u0438\u044f\" \/>\n\t<meta name=\"twitter:data1\" content=\"1 \u043c\u0438\u043d\u0443\u0442\u0430\" \/>\n<script type=\"application\/ld+json\" class=\"yoast-schema-graph\">{\"@context\":\"https:\/\/schema.org\",\"@graph\":[{\"@type\":\"WebPage\",\"@id\":\"https:\/\/bora.haecker.ee\/kontakt\/\",\"url\":\"https:\/\/bora.haecker.ee\/kontakt\/\",\"name\":\"BORA - Kontakt - Bora EESTI K\u00f6\u00f6gitehnika - Gold Partner\",\"isPartOf\":{\"@id\":\"https:\/\/bora.haecker.ee\/#website\"},\"datePublished\":\"2022-02-13T15:44:41+00:00\",\"dateModified\":\"2022-06-01T13:34:54+00:00\",\"breadcrumb\":{\"@id\":\"https:\/\/bora.haecker.ee\/kontakt\/#breadcrumb\"},\"inLanguage\":\"ru-RU\",\"potentialAction\":[{\"@type\":\"ReadAction\",\"target\":[\"https:\/\/bora.haecker.ee\/kontakt\/\"]}]},{\"@type\":\"BreadcrumbList\",\"@id\":\"https:\/\/bora.haecker.ee\/kontakt\/#breadcrumb\",\"itemListElement\":[{\"@type\":\"ListItem\",\"position\":1,\"name\":\"Home\",\"item\":\"https:\/\/bora.haecker.ee\/\"},{\"@type\":\"ListItem\",\"position\":2,\"name\":\"BORA &#8211; Kontakt\"}]},{\"@type\":\"WebSite\",\"@id\":\"https:\/\/bora.haecker.ee\/#website\",\"url\":\"https:\/\/bora.haecker.ee\/\",\"name\":\"Bora EESTI K\u00f6\u00f6gitehnika - Gold Partner\",\"description\":\"Bora, K\u00f6\u00f6gitehnika, tehnika, k\u00f6\u00f6gid, Bora Eesti, pliidid, ahjud, pliidiplaadid, integreeritud ahjud, integreeritud pliidid, saksa kvaliteet, saksa tehnika, saksa k\u00f6\u00f6gitehnika\",\"publisher\":{\"@id\":\"https:\/\/bora.haecker.ee\/#organization\"},\"potentialAction\":[{\"@type\":\"SearchAction\",\"target\":{\"@type\":\"EntryPoint\",\"urlTemplate\":\"https:\/\/bora.haecker.ee\/?s={search_term_string}\"},\"query-input\":\"required name=search_term_string\"}],\"inLanguage\":\"ru-RU\"},{\"@type\":\"Organization\",\"@id\":\"https:\/\/bora.haecker.ee\/#organization\",\"name\":\"BORA\",\"url\":\"https:\/\/bora.haecker.ee\/\",\"logo\":{\"@type\":\"ImageObject\",\"inLanguage\":\"ru-RU\",\"@id\":\"https:\/\/bora.haecker.ee\/#\/schema\/logo\/image\/\",\"url\":\"https:\/\/bora.haecker.ee\/wp-content\/uploads\/2022\/04\/csm_Pressemitteilung_BORA_Logo_2c856a7995.jpg\",\"contentUrl\":\"https:\/\/bora.haecker.ee\/wp-content\/uploads\/2022\/04\/csm_Pressemitteilung_BORA_Logo_2c856a7995.jpg\",\"width\":1200,\"height\":675,\"caption\":\"BORA\"},\"image\":{\"@id\":\"https:\/\/bora.haecker.ee\/#\/schema\/logo\/image\/\"},\"sameAs\":[\"https:\/\/www.facebook.com\/BORA-Eesti-106926541987101\"]}]}<\/script>\n<!-- \/ Yoast SEO plugin. -->","yoast_head_json":{"title":"BORA - Kontakt - Bora EESTI K\u00f6\u00f6gitehnika - Gold Partner","robots":{"index":"index","follow":"follow","max-snippet":"max-snippet:-1","max-image-preview":"max-image-preview:large","max-video-preview":"max-video-preview:-1"},"canonical":"https:\/\/bora.haecker.ee\/ru\/kontakt\/","og_locale":"ru_RU","og_type":"article","og_title":"BORA - Kontakt - Bora EESTI K\u00f6\u00f6gitehnika - Gold Partner","og_description":"KONTAKT H\u00e4cker esindussalong Tallinnas &#8211; BORA EESTI Gold Partner P\u00e4rnu mnt 126, Tallinn Tel: +372 600 0182E-mail: info@haecker.eeE-R\u00a010:00 \u2013 18:00 |\u00a0L.\u00a0Suletud ( avatud ainult eelneval kokkuleppel )\u00a0 |\u00a0P.\u00a0Suletud H\u00e4cker Tartu &#8211; BORA EESTI Gold Partner S\u00f5bra 54, Tartu Tel: +372 730 3022E-mail: tartu@haecker.eeE-R&nbsp;10:00 \u2013 18:00 |&nbsp;L.&nbsp;Kokkuleppel. |&nbsp;P.&nbsp;Suletud H\u00e4cker P\u00e4rnu &#8211; BORA EESTI Gold Partner Hommiku&hellip;&nbsp;\u041f\u043e\u0434\u0440\u043e\u0431\u043d\u0435\u0435 &raquo;BORA &#8211; Kontakt","og_url":"https:\/\/bora.haecker.ee\/ru\/kontakt\/","og_site_name":"Bora EESTI K\u00f6\u00f6gitehnika - Gold Partner","article_publisher":"https:\/\/www.facebook.com\/BORA-Eesti-106926541987101","article_modified_time":"2022-06-01T13:34:54+00:00","twitter_card":"summary_large_image","twitter_misc":{"\u041f\u0440\u0438\u043c\u0435\u0440\u043d\u043e\u0435 \u0432\u0440\u0435\u043c\u044f \u0434\u043b\u044f \u0447\u0442\u0435\u043d\u0438\u044f":"1 \u043c\u0438\u043d\u0443\u0442\u0430"},"schema":{"@context":"https:\/\/schema.org","@graph":[{"@type":"WebPage","@id":"https:\/\/bora.haecker.ee\/kontakt\/","url":"https:\/\/bora.haecker.ee\/kontakt\/","name":"BORA - Kontakt - Bora EESTI K\u00f6\u00f6gitehnika - Gold Partner","isPartOf":{"@id":"https:\/\/bora.haecker.ee\/#website"},"datePublished":"2022-02-13T15:44:41+00:00","dateModified":"2022-06-01T13:34:54+00:00","breadcrumb":{"@id":"https:\/\/bora.haecker.ee\/kontakt\/#breadcrumb"},"inLanguage":"ru-RU","potentialAction":[{"@type":"ReadAction","target":["https:\/\/bora.haecker.ee\/kontakt\/"]}]},{"@type":"BreadcrumbList","@id":"https:\/\/bora.haecker.ee\/kontakt\/#breadcrumb","itemListElement":[{"@type":"ListItem","position":1,"name":"Home","item":"https:\/\/bora.haecker.ee\/"},{"@type":"ListItem","position":2,"name":"BORA &#8211; Kontakt"}]},{"@type":"WebSite","@id":"https:\/\/bora.haecker.ee\/#website","url":"https:\/\/bora.haecker.ee\/","name":"Bora EESTI K\u00f6\u00f6gitehnika - Gold Partner","description":"Bora, K\u00f6\u00f6gitehnika, tehnika, k\u00f6\u00f6gid, Bora Eesti, pliidid, ahjud, pliidiplaadid, integreeritud ahjud, integreeritud pliidid, saksa kvaliteet, saksa tehnika, saksa k\u00f6\u00f6gitehnika","publisher":{"@id":"https:\/\/bora.haecker.ee\/#organization"},"potentialAction":[{"@type":"SearchAction","target":{"@type":"EntryPoint","urlTemplate":"https:\/\/bora.haecker.ee\/?s={search_term_string}"},"query-input":"required name=search_term_string"}],"inLanguage":"ru-RU"},{"@type":"Organization","@id":"https:\/\/bora.haecker.ee\/#organization","name":"BORA","url":"https:\/\/bora.haecker.ee\/","logo":{"@type":"ImageObject","inLanguage":"ru-RU","@id":"https:\/\/bora.haecker.ee\/#\/schema\/logo\/image\/","url":"https:\/\/bora.haecker.ee\/wp-content\/uploads\/2022\/04\/csm_Pressemitteilung_BORA_Logo_2c856a7995.jpg","contentUrl":"https:\/\/bora.haecker.ee\/wp-content\/uploads\/2022\/04\/csm_Pressemitteilung_BORA_Logo_2c856a7995.jpg","width":1200,"height":675,"caption":"BORA"},"image":{"@id":"https:\/\/bora.haecker.ee\/#\/schema\/logo\/image\/"},"sameAs":["https:\/\/www.facebook.com\/BORA-Eesti-106926541987101"]}]}},"_links":{"self":[{"href":"https:\/\/bora.haecker.ee\/ru\/wp-json\/wp\/v2\/pages\/1229"}],"collection":[{"href":"https:\/\/bora.haecker.ee\/ru\/wp-json\/wp\/v2\/pages"}],"about":[{"href":"https:\/\/bora.haecker.ee\/ru\/wp-json\/wp\/v2\/types\/page"}],"author":[{"embeddable":true,"href":"https:\/\/bora.haecker.ee\/ru\/wp-json\/wp\/v2\/users\/6"}],"replies":[{"embeddable":true,"href":"https:\/\/bora.haecker.ee\/ru\/wp-json\/wp\/v2\/comments?post=1229"}],"version-history":[{"count":32,"href":"https:\/\/bora.haecker.ee\/ru\/wp-json\/wp\/v2\/pages\/1229\/revisions"}],"predecessor-version":[{"id":6034,"href":"https:\/\/bora.haecker.ee\/ru\/wp-json\/wp\/v2\/pages\/1229\/revisions\/6034"}],"wp:attachment":[{"href":"https:\/\/bora.haecker.ee\/ru\/wp-json\/wp\/v2\/media?parent=1229"}],"curies":[{"name":"wp","href":"https:\/\/api.w.org\/{rel}","templated":true}]}}