{"id":1416,"date":"2022-02-14T19:22:55","date_gmt":"2022-02-14T19:22:55","guid":{"rendered":"https:\/\/bora.haecker.ee\/?page_id=1416"},"modified":"2022-03-16T10:14:56","modified_gmt":"2022-03-16T10:14:56","slug":"kataloog-2","status":"publish","type":"page","link":"https:\/\/bora.haecker.ee\/ru\/kataloog-2\/","title":{"rendered":"Kataloog BORA"},"content":{"rendered":"<div data-elementor-type=\"wp-page\" data-elementor-id=\"1416\" class=\"elementor elementor-1416\">\n\t\t\t\t\t\t\t\t\t<section class=\"elementor-section elementor-top-section elementor-element elementor-element-d1c94d3 elementor-section-boxed elementor-section-height-default elementor-section-height-default\" data-id=\"d1c94d3\" data-element_type=\"section\">\n\t\t\t\t\t\t<div class=\"elementor-container elementor-column-gap-default\">\n\t\t\t\t\t<div class=\"elementor-column elementor-col-25 elementor-top-column elementor-element elementor-element-700b678\" data-id=\"700b678\" data-element_type=\"column\">\n\t\t\t<div class=\"elementor-widget-wrap\">\n\t\t\t\t\t\t\t\t\t<\/div>\n\t\t<\/div>\n\t\t\t\t<div class=\"elementor-column elementor-col-25 elementor-top-column elementor-element elementor-element-23f9b10\" data-id=\"23f9b10\" data-element_type=\"column\">\n\t\t\t<div class=\"elementor-widget-wrap\">\n\t\t\t\t\t\t\t\t\t<\/div>\n\t\t<\/div>\n\t\t\t\t<div class=\"elementor-column elementor-col-25 elementor-top-column elementor-element elementor-element-583ec41\" data-id=\"583ec41\" data-element_type=\"column\">\n\t\t\t<div class=\"elementor-widget-wrap\">\n\t\t\t\t\t\t\t\t\t<\/div>\n\t\t<\/div>\n\t\t\t\t<div class=\"elementor-column elementor-col-25 elementor-top-column elementor-element elementor-element-902119d\" data-id=\"902119d\" data-element_type=\"column\">\n\t\t\t<div class=\"elementor-widget-wrap\">\n\t\t\t\t\t\t\t\t\t<\/div>\n\t\t<\/div>\n\t\t\t\t\t\t\t<\/div>\n\t\t<\/section>\n\t\t\t\t<section class=\"elementor-section elementor-top-section elementor-element elementor-element-c933302 elementor-section-boxed elementor-section-height-default elementor-section-height-default\" data-id=\"c933302\" data-element_type=\"section\">\n\t\t\t\t\t\t<div class=\"elementor-container elementor-column-gap-default\">\n\t\t\t\t\t<div class=\"elementor-column elementor-col-100 elementor-top-column elementor-element elementor-element-2ea3f17\" data-id=\"2ea3f17\" data-element_type=\"column\">\n\t\t\t<div class=\"elementor-widget-wrap elementor-element-populated\">\n\t\t\t\t\t\t\t\t<div class=\"elementor-element elementor-element-d738f71 elementor-widget elementor-widget-heading\" data-id=\"d738f71\" data-element_type=\"widget\" data-widget_type=\"heading.default\">\n\t\t\t\t<div class=\"elementor-widget-container\">\n\t\t\t<style>\/*! elementor - v3.11.3 - 07-03-2023 *\/\n.elementor-heading-title{padding:0;margin:0;line-height:1}.elementor-widget-heading .elementor-heading-title[class*=elementor-size-]>a{color:inherit;font-size:inherit;line-height:inherit}.elementor-widget-heading .elementor-heading-title.elementor-size-small{font-size:15px}.elementor-widget-heading .elementor-heading-title.elementor-size-medium{font-size:19px}.elementor-widget-heading .elementor-heading-title.elementor-size-large{font-size:29px}.elementor-widget-heading .elementor-heading-title.elementor-size-xl{font-size:39px}.elementor-widget-heading .elementor-heading-title.elementor-size-xxl{font-size:59px}<\/style><h3 class=\"elementor-heading-title elementor-size-default\">\u041a\u0430\u0442\u0430\u043b\u043e\u0433\u0438 BORA<\/h3>\t\t<\/div>\n\t\t\t\t<\/div>\n\t\t\t\t\t<\/div>\n\t\t<\/div>\n\t\t\t\t\t\t\t<\/div>\n\t\t<\/section>\n\t\t\t\t<section class=\"elementor-section elementor-top-section elementor-element elementor-element-aa51f5d elementor-section-boxed elementor-section-height-default elementor-section-height-default\" data-id=\"aa51f5d\" data-element_type=\"section\">\n\t\t\t\t\t\t<div class=\"elementor-container elementor-column-gap-default\">\n\t\t\t\t\t<div class=\"elementor-column elementor-col-25 elementor-top-column elementor-element elementor-element-ae8c4e3\" data-id=\"ae8c4e3\" data-element_type=\"column\">\n\t\t\t<div class=\"elementor-widget-wrap elementor-element-populated\">\n\t\t\t\t\t\t\t\t<div class=\"elementor-element elementor-element-e1fc460 elementor-widget elementor-widget-image\" data-id=\"e1fc460\" data-element_type=\"widget\" data-widget_type=\"image.default\">\n\t\t\t\t<div class=\"elementor-widget-container\">\n\t\t\t<style>\/*! elementor - v3.11.3 - 07-03-2023 *\/\n.elementor-widget-image{text-align:center}.elementor-widget-image a{display:inline-block}.elementor-widget-image a img[src$=\".svg\"]{width:48px}.elementor-widget-image img{vertical-align:middle;display:inline-block}<\/style>\t\t\t\t\t\t\t\t\t\t\t\t\t<a href=\"https:\/\/magazin.bora.com\/bora-magazine-01-2022-english\/66292456\" target=\"_blank\">\n\t\t\t\t\t\t\t<img decoding=\"async\" width=\"358\" height=\"506\" src=\"https:\/\/bora.haecker.ee\/wp-content\/uploads\/2022\/03\/bora-magazine-01-2022-english.jpg\" class=\"attachment-large size-large wp-image-5631\" alt=\"\" srcset=\"https:\/\/bora.haecker.ee\/wp-content\/uploads\/2022\/03\/bora-magazine-01-2022-english.jpg 358w, https:\/\/bora.haecker.ee\/wp-content\/uploads\/2022\/03\/bora-magazine-01-2022-english-212x300.jpg 212w, https:\/\/bora.haecker.ee\/wp-content\/uploads\/2022\/03\/bora-magazine-01-2022-english-8x12.jpg 8w, https:\/\/bora.haecker.ee\/wp-content\/uploads\/2022\/03\/bora-magazine-01-2022-english-17x24.jpg 17w, https:\/\/bora.haecker.ee\/wp-content\/uploads\/2022\/03\/bora-magazine-01-2022-english-25x36.jpg 25w, https:\/\/bora.haecker.ee\/wp-content\/uploads\/2022\/03\/bora-magazine-01-2022-english-34x48.jpg 34w\" sizes=\"(max-width: 358px) 100vw, 358px\" \/>\t\t\t\t\t\t\t\t<\/a>\n\t\t\t\t\t\t\t\t\t\t\t\t\t\t\t<\/div>\n\t\t\t\t<\/div>\n\t\t\t\t<div class=\"elementor-element elementor-element-ea35423 elementor-widget elementor-widget-heading\" data-id=\"ea35423\" data-element_type=\"widget\" data-widget_type=\"heading.default\">\n\t\t\t\t<div class=\"elementor-widget-container\">\n\t\t\t<h4 class=\"elementor-heading-title elementor-size-default\"><a href=\"https:\/\/magazin.bora.com\/bora-magazine-02-2021-english\/65684180\">BORA Magazin<\/a><\/h4>\t\t<\/div>\n\t\t\t\t<\/div>\n\t\t\t\t\t<\/div>\n\t\t<\/div>\n\t\t\t\t<div class=\"elementor-column elementor-col-25 elementor-top-column elementor-element elementor-element-8673c30\" data-id=\"8673c30\" data-element_type=\"column\">\n\t\t\t<div class=\"elementor-widget-wrap elementor-element-populated\">\n\t\t\t\t\t\t\t\t<div class=\"elementor-element elementor-element-b03bb06 elementor-widget elementor-widget-image\" data-id=\"b03bb06\" data-element_type=\"widget\" data-widget_type=\"image.default\">\n\t\t\t\t<div class=\"elementor-widget-container\">\n\t\t\t\t\t\t\t\t\t\t\t\t\t\t\t\t<a href=\"https:\/\/magazin.bora.com\/bora-basic-english\/65733082\" target=\"_blank\">\n\t\t\t\t\t\t\t<img decoding=\"async\" width=\"218\" height=\"437\" src=\"https:\/\/bora.haecker.ee\/wp-content\/uploads\/2022\/02\/2-bora-basic-english.jpg\" class=\"attachment-large size-large wp-image-1419\" alt=\"\" srcset=\"https:\/\/bora.haecker.ee\/wp-content\/uploads\/2022\/02\/2-bora-basic-english.jpg 218w, https:\/\/bora.haecker.ee\/wp-content\/uploads\/2022\/02\/2-bora-basic-english-150x300.jpg 150w, https:\/\/bora.haecker.ee\/wp-content\/uploads\/2022\/02\/2-bora-basic-english-6x12.jpg 6w, https:\/\/bora.haecker.ee\/wp-content\/uploads\/2022\/02\/2-bora-basic-english-12x24.jpg 12w, https:\/\/bora.haecker.ee\/wp-content\/uploads\/2022\/02\/2-bora-basic-english-18x36.jpg 18w, https:\/\/bora.haecker.ee\/wp-content\/uploads\/2022\/02\/2-bora-basic-english-24x48.jpg 24w\" sizes=\"(max-width: 218px) 100vw, 218px\" \/>\t\t\t\t\t\t\t\t<\/a>\n\t\t\t\t\t\t\t\t\t\t\t\t\t\t\t<\/div>\n\t\t\t\t<\/div>\n\t\t\t\t<div class=\"elementor-element elementor-element-388c8f8 elementor-widget elementor-widget-heading\" data-id=\"388c8f8\" data-element_type=\"widget\" data-widget_type=\"heading.default\">\n\t\t\t\t<div class=\"elementor-widget-container\">\n\t\t\t<h4 class=\"elementor-heading-title elementor-size-default\"><a href=\"https:\/\/magazin.bora.com\/bora-basic-english\/65733082\">Bora Basic<\/a><\/h4>\t\t<\/div>\n\t\t\t\t<\/div>\n\t\t\t\t\t<\/div>\n\t\t<\/div>\n\t\t\t\t<div class=\"elementor-column elementor-col-25 elementor-top-column elementor-element elementor-element-b502e73\" data-id=\"b502e73\" data-element_type=\"column\">\n\t\t\t<div class=\"elementor-widget-wrap elementor-element-populated\">\n\t\t\t\t\t\t\t\t<div class=\"elementor-element elementor-element-5017493 elementor-widget elementor-widget-image\" data-id=\"5017493\" data-element_type=\"widget\" data-widget_type=\"image.default\">\n\t\t\t\t<div class=\"elementor-widget-container\">\n\t\t\t\t\t\t\t\t\t\t\t\t\t\t\t\t<a href=\"https:\/\/magazin.bora.com\/bora-classic-english\/65733107\" target=\"_blank\">\n\t\t\t\t\t\t\t<img decoding=\"async\" width=\"218\" height=\"437\" src=\"https:\/\/bora.haecker.ee\/wp-content\/uploads\/2022\/02\/2-bora-classic-english.jpg\" class=\"attachment-large size-large wp-image-1420\" alt=\"\" srcset=\"https:\/\/bora.haecker.ee\/wp-content\/uploads\/2022\/02\/2-bora-classic-english.jpg 218w, https:\/\/bora.haecker.ee\/wp-content\/uploads\/2022\/02\/2-bora-classic-english-150x300.jpg 150w, https:\/\/bora.haecker.ee\/wp-content\/uploads\/2022\/02\/2-bora-classic-english-6x12.jpg 6w, https:\/\/bora.haecker.ee\/wp-content\/uploads\/2022\/02\/2-bora-classic-english-12x24.jpg 12w, https:\/\/bora.haecker.ee\/wp-content\/uploads\/2022\/02\/2-bora-classic-english-18x36.jpg 18w, https:\/\/bora.haecker.ee\/wp-content\/uploads\/2022\/02\/2-bora-classic-english-24x48.jpg 24w\" sizes=\"(max-width: 218px) 100vw, 218px\" \/>\t\t\t\t\t\t\t\t<\/a>\n\t\t\t\t\t\t\t\t\t\t\t\t\t\t\t<\/div>\n\t\t\t\t<\/div>\n\t\t\t\t<div class=\"elementor-element elementor-element-6512ddd elementor-widget elementor-widget-heading\" data-id=\"6512ddd\" data-element_type=\"widget\" data-widget_type=\"heading.default\">\n\t\t\t\t<div class=\"elementor-widget-container\">\n\t\t\t<h4 class=\"elementor-heading-title elementor-size-default\"><a href=\"https:\/\/magazin.bora.com\/bora-classic-english\/65733107\">Bora Classic<\/a><\/h4>\t\t<\/div>\n\t\t\t\t<\/div>\n\t\t\t\t\t<\/div>\n\t\t<\/div>\n\t\t\t\t<div class=\"elementor-column elementor-col-25 elementor-top-column elementor-element elementor-element-84b04f6\" data-id=\"84b04f6\" data-element_type=\"column\">\n\t\t\t<div class=\"elementor-widget-wrap elementor-element-populated\">\n\t\t\t\t\t\t\t\t<div class=\"elementor-element elementor-element-99dcd7c elementor-widget elementor-widget-image\" data-id=\"99dcd7c\" data-element_type=\"widget\" data-widget_type=\"image.default\">\n\t\t\t\t<div class=\"elementor-widget-container\">\n\t\t\t\t\t\t\t\t\t\t\t\t\t\t\t\t<a href=\"https:\/\/magazin.bora.com\/bora-professional-30-english\/65733154\" target=\"_blank\">\n\t\t\t\t\t\t\t<img decoding=\"async\" width=\"218\" height=\"437\" src=\"https:\/\/bora.haecker.ee\/wp-content\/uploads\/2022\/02\/1-bora-professional-30-english.jpg\" class=\"attachment-large size-large wp-image-1421\" alt=\"\" srcset=\"https:\/\/bora.haecker.ee\/wp-content\/uploads\/2022\/02\/1-bora-professional-30-english.jpg 218w, https:\/\/bora.haecker.ee\/wp-content\/uploads\/2022\/02\/1-bora-professional-30-english-150x300.jpg 150w, https:\/\/bora.haecker.ee\/wp-content\/uploads\/2022\/02\/1-bora-professional-30-english-6x12.jpg 6w, https:\/\/bora.haecker.ee\/wp-content\/uploads\/2022\/02\/1-bora-professional-30-english-12x24.jpg 12w, https:\/\/bora.haecker.ee\/wp-content\/uploads\/2022\/02\/1-bora-professional-30-english-18x36.jpg 18w, https:\/\/bora.haecker.ee\/wp-content\/uploads\/2022\/02\/1-bora-professional-30-english-24x48.jpg 24w\" sizes=\"(max-width: 218px) 100vw, 218px\" \/>\t\t\t\t\t\t\t\t<\/a>\n\t\t\t\t\t\t\t\t\t\t\t\t\t\t\t<\/div>\n\t\t\t\t<\/div>\n\t\t\t\t<div class=\"elementor-element elementor-element-643a02b elementor-widget elementor-widget-heading\" data-id=\"643a02b\" data-element_type=\"widget\" data-widget_type=\"heading.default\">\n\t\t\t\t<div class=\"elementor-widget-container\">\n\t\t\t<h4 class=\"elementor-heading-title elementor-size-default\"><a href=\"https:\/\/magazin.bora.com\/bora-professional-30-english\/65733154\">BORA Proffessional 3.0<\/a><\/h4>\t\t<\/div>\n\t\t\t\t<\/div>\n\t\t\t\t\t<\/div>\n\t\t<\/div>\n\t\t\t\t\t\t\t<\/div>\n\t\t<\/section>\n\t\t\t\t<section class=\"elementor-section elementor-top-section elementor-element elementor-element-fcf00a6 elementor-section-boxed elementor-section-height-default elementor-section-height-default\" data-id=\"fcf00a6\" data-element_type=\"section\">\n\t\t\t\t\t\t<div class=\"elementor-container elementor-column-gap-default\">\n\t\t\t\t\t<div class=\"elementor-column elementor-col-25 elementor-top-column elementor-element elementor-element-50dffc7\" data-id=\"50dffc7\" data-element_type=\"column\">\n\t\t\t<div class=\"elementor-widget-wrap elementor-element-populated\">\n\t\t\t\t\t\t\t\t<div class=\"elementor-element elementor-element-5f614fa elementor-widget elementor-widget-image\" data-id=\"5f614fa\" data-element_type=\"widget\" data-widget_type=\"image.default\">\n\t\t\t\t<div class=\"elementor-widget-container\">\n\t\t\t\t\t\t\t\t\t\t\t\t\t\t\t\t<a href=\"https:\/\/magazin.bora.com\/bora-professional-30-english\/65733154\" target=\"_blank\">\n\t\t\t\t\t\t\t<img decoding=\"async\" width=\"218\" height=\"437\" src=\"https:\/\/bora.haecker.ee\/wp-content\/uploads\/2022\/02\/2-bora-pure-english.jpg\" class=\"attachment-large size-large wp-image-1422\" alt=\"\" srcset=\"https:\/\/bora.haecker.ee\/wp-content\/uploads\/2022\/02\/2-bora-pure-english.jpg 218w, https:\/\/bora.haecker.ee\/wp-content\/uploads\/2022\/02\/2-bora-pure-english-150x300.jpg 150w, https:\/\/bora.haecker.ee\/wp-content\/uploads\/2022\/02\/2-bora-pure-english-6x12.jpg 6w, https:\/\/bora.haecker.ee\/wp-content\/uploads\/2022\/02\/2-bora-pure-english-12x24.jpg 12w, https:\/\/bora.haecker.ee\/wp-content\/uploads\/2022\/02\/2-bora-pure-english-18x36.jpg 18w, https:\/\/bora.haecker.ee\/wp-content\/uploads\/2022\/02\/2-bora-pure-english-24x48.jpg 24w\" sizes=\"(max-width: 218px) 100vw, 218px\" \/>\t\t\t\t\t\t\t\t<\/a>\n\t\t\t\t\t\t\t\t\t\t\t\t\t\t\t<\/div>\n\t\t\t\t<\/div>\n\t\t\t\t<div class=\"elementor-element elementor-element-caef604 elementor-widget elementor-widget-heading\" data-id=\"caef604\" data-element_type=\"widget\" data-widget_type=\"heading.default\">\n\t\t\t\t<div class=\"elementor-widget-container\">\n\t\t\t<h4 class=\"elementor-heading-title elementor-size-default\"><a href=\"https:\/\/magazin.bora.com\/bora-professional-30-english\/65733154\">Bora Pure<\/a><\/h4>\t\t<\/div>\n\t\t\t\t<\/div>\n\t\t\t\t\t<\/div>\n\t\t<\/div>\n\t\t\t\t<div class=\"elementor-column elementor-col-25 elementor-top-column elementor-element elementor-element-2fe7710\" data-id=\"2fe7710\" data-element_type=\"column\">\n\t\t\t<div class=\"elementor-widget-wrap elementor-element-populated\">\n\t\t\t\t\t\t\t\t<div class=\"elementor-element elementor-element-7a95c1b elementor-widget elementor-widget-image\" data-id=\"7a95c1b\" data-element_type=\"widget\" data-widget_type=\"image.default\">\n\t\t\t\t<div class=\"elementor-widget-container\">\n\t\t\t\t\t\t\t\t\t\t\t\t\t\t\t\t<a href=\"https:\/\/magazin.bora.com\/bora-x-pure-english\/65733174\" target=\"_blank\">\n\t\t\t\t\t\t\t<img decoding=\"async\" width=\"218\" height=\"437\" src=\"https:\/\/bora.haecker.ee\/wp-content\/uploads\/2022\/02\/1-bora-x-pure-english.jpg\" class=\"attachment-large size-large wp-image-1424\" alt=\"\" srcset=\"https:\/\/bora.haecker.ee\/wp-content\/uploads\/2022\/02\/1-bora-x-pure-english.jpg 218w, https:\/\/bora.haecker.ee\/wp-content\/uploads\/2022\/02\/1-bora-x-pure-english-150x300.jpg 150w, https:\/\/bora.haecker.ee\/wp-content\/uploads\/2022\/02\/1-bora-x-pure-english-6x12.jpg 6w, https:\/\/bora.haecker.ee\/wp-content\/uploads\/2022\/02\/1-bora-x-pure-english-12x24.jpg 12w, https:\/\/bora.haecker.ee\/wp-content\/uploads\/2022\/02\/1-bora-x-pure-english-18x36.jpg 18w, https:\/\/bora.haecker.ee\/wp-content\/uploads\/2022\/02\/1-bora-x-pure-english-24x48.jpg 24w\" sizes=\"(max-width: 218px) 100vw, 218px\" \/>\t\t\t\t\t\t\t\t<\/a>\n\t\t\t\t\t\t\t\t\t\t\t\t\t\t\t<\/div>\n\t\t\t\t<\/div>\n\t\t\t\t<div class=\"elementor-element elementor-element-3f1aaf9 elementor-widget elementor-widget-heading\" data-id=\"3f1aaf9\" data-element_type=\"widget\" data-widget_type=\"heading.default\">\n\t\t\t\t<div class=\"elementor-widget-container\">\n\t\t\t<h4 class=\"elementor-heading-title elementor-size-default\"><a href=\"https:\/\/magazin.bora.com\/bora-x-pure-english\/65733174\">BORA X PURE<\/a><\/h4>\t\t<\/div>\n\t\t\t\t<\/div>\n\t\t\t\t\t<\/div>\n\t\t<\/div>\n\t\t\t\t<div class=\"elementor-column elementor-col-25 elementor-top-column elementor-element elementor-element-5ccaee4\" data-id=\"5ccaee4\" data-element_type=\"column\">\n\t\t\t<div class=\"elementor-widget-wrap\">\n\t\t\t\t\t\t\t\t\t<\/div>\n\t\t<\/div>\n\t\t\t\t<div class=\"elementor-column elementor-col-25 elementor-top-column elementor-element elementor-element-183fc6d\" data-id=\"183fc6d\" data-element_type=\"column\">\n\t\t\t<div class=\"elementor-widget-wrap\">\n\t\t\t\t\t\t\t\t\t<\/div>\n\t\t<\/div>\n\t\t\t\t\t\t\t<\/div>\n\t\t<\/section>\n\t\t\t\t\t\t\t<\/div>","protected":false},"excerpt":{"rendered":"<p>BORA Kataloogid BORA Magazin Bora Basic Bora Classic BORA Proffessional 3.0 Bora Pure BORA X PURE<\/p>","protected":false},"author":6,"featured_media":0,"parent":0,"menu_order":0,"comment_status":"closed","ping_status":"closed","template":"page-templates\/template-pagebuilder-full-width.php","meta":{"neve_meta_sidebar":"","neve_meta_container":"","neve_meta_enable_content_width":"","neve_meta_content_width":0,"neve_meta_title_alignment":"","neve_meta_author_avatar":"","neve_post_elements_order":"","neve_meta_disable_header":"","neve_meta_disable_footer":"","neve_meta_disable_title":""},"yoast_head":"<!-- This site is optimized with the Yoast SEO plugin v20.4 - https:\/\/yoast.com\/wordpress\/plugins\/seo\/ -->\n<title>Kataloog BORA - Bora EESTI K\u00f6\u00f6gitehnika - Gold Partner<\/title>\n<meta name=\"robots\" content=\"index, follow, max-snippet:-1, max-image-preview:large, max-video-preview:-1\" \/>\n<link rel=\"canonical\" href=\"https:\/\/bora.haecker.ee\/ru\/kataloog-2\/\" \/>\n<meta property=\"og:locale\" content=\"ru_RU\" \/>\n<meta property=\"og:type\" content=\"article\" \/>\n<meta property=\"og:title\" content=\"Kataloog BORA - Bora EESTI K\u00f6\u00f6gitehnika - Gold Partner\" \/>\n<meta property=\"og:description\" content=\"BORA Kataloogid BORA Magazin Bora Basic Bora Classic BORA Proffessional 3.0 Bora Pure BORA X PURE\" \/>\n<meta property=\"og:url\" content=\"https:\/\/bora.haecker.ee\/ru\/kataloog-2\/\" \/>\n<meta property=\"og:site_name\" content=\"Bora EESTI K\u00f6\u00f6gitehnika - Gold Partner\" \/>\n<meta property=\"article:publisher\" content=\"https:\/\/www.facebook.com\/BORA-Eesti-106926541987101\" \/>\n<meta property=\"article:modified_time\" content=\"2022-03-16T10:14:56+00:00\" \/>\n<meta property=\"og:image\" content=\"https:\/\/bora.haecker.ee\/wp-content\/uploads\/2022\/03\/bora-magazine-01-2022-english.jpg\" \/>\n<meta name=\"twitter:card\" content=\"summary_large_image\" \/>\n<script type=\"application\/ld+json\" class=\"yoast-schema-graph\">{\"@context\":\"https:\/\/schema.org\",\"@graph\":[{\"@type\":\"WebPage\",\"@id\":\"https:\/\/bora.haecker.ee\/kataloog-2\/\",\"url\":\"https:\/\/bora.haecker.ee\/kataloog-2\/\",\"name\":\"Kataloog BORA - Bora EESTI K\u00f6\u00f6gitehnika - Gold Partner\",\"isPartOf\":{\"@id\":\"https:\/\/bora.haecker.ee\/#website\"},\"datePublished\":\"2022-02-14T19:22:55+00:00\",\"dateModified\":\"2022-03-16T10:14:56+00:00\",\"breadcrumb\":{\"@id\":\"https:\/\/bora.haecker.ee\/kataloog-2\/#breadcrumb\"},\"inLanguage\":\"ru-RU\",\"potentialAction\":[{\"@type\":\"ReadAction\",\"target\":[\"https:\/\/bora.haecker.ee\/kataloog-2\/\"]}]},{\"@type\":\"BreadcrumbList\",\"@id\":\"https:\/\/bora.haecker.ee\/kataloog-2\/#breadcrumb\",\"itemListElement\":[{\"@type\":\"ListItem\",\"position\":1,\"name\":\"Home\",\"item\":\"https:\/\/bora.haecker.ee\/\"},{\"@type\":\"ListItem\",\"position\":2,\"name\":\"Kataloog BORA\"}]},{\"@type\":\"WebSite\",\"@id\":\"https:\/\/bora.haecker.ee\/#website\",\"url\":\"https:\/\/bora.haecker.ee\/\",\"name\":\"Bora EESTI K\u00f6\u00f6gitehnika - Gold Partner\",\"description\":\"Bora, K\u00f6\u00f6gitehnika, tehnika, k\u00f6\u00f6gid, Bora Eesti, pliidid, ahjud, pliidiplaadid, integreeritud ahjud, integreeritud pliidid, saksa kvaliteet, saksa tehnika, saksa k\u00f6\u00f6gitehnika\",\"publisher\":{\"@id\":\"https:\/\/bora.haecker.ee\/#organization\"},\"potentialAction\":[{\"@type\":\"SearchAction\",\"target\":{\"@type\":\"EntryPoint\",\"urlTemplate\":\"https:\/\/bora.haecker.ee\/?s={search_term_string}\"},\"query-input\":\"required name=search_term_string\"}],\"inLanguage\":\"ru-RU\"},{\"@type\":\"Organization\",\"@id\":\"https:\/\/bora.haecker.ee\/#organization\",\"name\":\"BORA\",\"url\":\"https:\/\/bora.haecker.ee\/\",\"logo\":{\"@type\":\"ImageObject\",\"inLanguage\":\"ru-RU\",\"@id\":\"https:\/\/bora.haecker.ee\/#\/schema\/logo\/image\/\",\"url\":\"https:\/\/bora.haecker.ee\/wp-content\/uploads\/2022\/04\/csm_Pressemitteilung_BORA_Logo_2c856a7995.jpg\",\"contentUrl\":\"https:\/\/bora.haecker.ee\/wp-content\/uploads\/2022\/04\/csm_Pressemitteilung_BORA_Logo_2c856a7995.jpg\",\"width\":1200,\"height\":675,\"caption\":\"BORA\"},\"image\":{\"@id\":\"https:\/\/bora.haecker.ee\/#\/schema\/logo\/image\/\"},\"sameAs\":[\"https:\/\/www.facebook.com\/BORA-Eesti-106926541987101\"]}]}<\/script>\n<!-- \/ Yoast SEO plugin. -->","yoast_head_json":{"title":"Kataloog BORA - Bora EESTI K\u00f6\u00f6gitehnika - Gold Partner","robots":{"index":"index","follow":"follow","max-snippet":"max-snippet:-1","max-image-preview":"max-image-preview:large","max-video-preview":"max-video-preview:-1"},"canonical":"https:\/\/bora.haecker.ee\/ru\/kataloog-2\/","og_locale":"ru_RU","og_type":"article","og_title":"Kataloog BORA - Bora EESTI K\u00f6\u00f6gitehnika - Gold Partner","og_description":"BORA Kataloogid BORA Magazin Bora Basic Bora Classic BORA Proffessional 3.0 Bora Pure BORA X PURE","og_url":"https:\/\/bora.haecker.ee\/ru\/kataloog-2\/","og_site_name":"Bora EESTI K\u00f6\u00f6gitehnika - Gold Partner","article_publisher":"https:\/\/www.facebook.com\/BORA-Eesti-106926541987101","article_modified_time":"2022-03-16T10:14:56+00:00","og_image":[{"url":"https:\/\/bora.haecker.ee\/wp-content\/uploads\/2022\/03\/bora-magazine-01-2022-english.jpg"}],"twitter_card":"summary_large_image","schema":{"@context":"https:\/\/schema.org","@graph":[{"@type":"WebPage","@id":"https:\/\/bora.haecker.ee\/kataloog-2\/","url":"https:\/\/bora.haecker.ee\/kataloog-2\/","name":"Kataloog BORA - Bora EESTI K\u00f6\u00f6gitehnika - Gold Partner","isPartOf":{"@id":"https:\/\/bora.haecker.ee\/#website"},"datePublished":"2022-02-14T19:22:55+00:00","dateModified":"2022-03-16T10:14:56+00:00","breadcrumb":{"@id":"https:\/\/bora.haecker.ee\/kataloog-2\/#breadcrumb"},"inLanguage":"ru-RU","potentialAction":[{"@type":"ReadAction","target":["https:\/\/bora.haecker.ee\/kataloog-2\/"]}]},{"@type":"BreadcrumbList","@id":"https:\/\/bora.haecker.ee\/kataloog-2\/#breadcrumb","itemListElement":[{"@type":"ListItem","position":1,"name":"Home","item":"https:\/\/bora.haecker.ee\/"},{"@type":"ListItem","position":2,"name":"Kataloog BORA"}]},{"@type":"WebSite","@id":"https:\/\/bora.haecker.ee\/#website","url":"https:\/\/bora.haecker.ee\/","name":"Bora EESTI K\u00f6\u00f6gitehnika - Gold Partner","description":"Bora, K\u00f6\u00f6gitehnika, tehnika, k\u00f6\u00f6gid, Bora Eesti, pliidid, ahjud, pliidiplaadid, integreeritud ahjud, integreeritud pliidid, saksa kvaliteet, saksa tehnika, saksa k\u00f6\u00f6gitehnika","publisher":{"@id":"https:\/\/bora.haecker.ee\/#organization"},"potentialAction":[{"@type":"SearchAction","target":{"@type":"EntryPoint","urlTemplate":"https:\/\/bora.haecker.ee\/?s={search_term_string}"},"query-input":"required name=search_term_string"}],"inLanguage":"ru-RU"},{"@type":"Organization","@id":"https:\/\/bora.haecker.ee\/#organization","name":"BORA","url":"https:\/\/bora.haecker.ee\/","logo":{"@type":"ImageObject","inLanguage":"ru-RU","@id":"https:\/\/bora.haecker.ee\/#\/schema\/logo\/image\/","url":"https:\/\/bora.haecker.ee\/wp-content\/uploads\/2022\/04\/csm_Pressemitteilung_BORA_Logo_2c856a7995.jpg","contentUrl":"https:\/\/bora.haecker.ee\/wp-content\/uploads\/2022\/04\/csm_Pressemitteilung_BORA_Logo_2c856a7995.jpg","width":1200,"height":675,"caption":"BORA"},"image":{"@id":"https:\/\/bora.haecker.ee\/#\/schema\/logo\/image\/"},"sameAs":["https:\/\/www.facebook.com\/BORA-Eesti-106926541987101"]}]}},"_links":{"self":[{"href":"https:\/\/bora.haecker.ee\/ru\/wp-json\/wp\/v2\/pages\/1416"}],"collection":[{"href":"https:\/\/bora.haecker.ee\/ru\/wp-json\/wp\/v2\/pages"}],"about":[{"href":"https:\/\/bora.haecker.ee\/ru\/wp-json\/wp\/v2\/types\/page"}],"author":[{"embeddable":true,"href":"https:\/\/bora.haecker.ee\/ru\/wp-json\/wp\/v2\/users\/6"}],"replies":[{"embeddable":true,"href":"https:\/\/bora.haecker.ee\/ru\/wp-json\/wp\/v2\/comments?post=1416"}],"version-history":[{"count":62,"href":"https:\/\/bora.haecker.ee\/ru\/wp-json\/wp\/v2\/pages\/1416\/revisions"}],"predecessor-version":[{"id":5634,"href":"https:\/\/bora.haecker.ee\/ru\/wp-json\/wp\/v2\/pages\/1416\/revisions\/5634"}],"wp:attachment":[{"href":"https:\/\/bora.haecker.ee\/ru\/wp-json\/wp\/v2\/media?parent=1416"}],"curies":[{"name":"wp","href":"https:\/\/api.w.org\/{rel}","templated":true}]}}