{"id":6,"date":"2022-02-05T15:05:33","date_gmt":"2022-02-05T15:05:33","guid":{"rendered":"https:\/\/bora.haecker.ee\/?page_id=6"},"modified":"2022-04-05T13:27:07","modified_gmt":"2022-04-05T13:27:07","slug":"bora","status":"publish","type":"page","link":"https:\/\/bora.haecker.ee\/ru\/","title":{"rendered":"BORA"},"content":{"rendered":"<div data-elementor-type=\"wp-page\" data-elementor-id=\"6\" class=\"elementor elementor-6\">\n\t\t\t\t\t\t\t\t\t<section class=\"elementor-section elementor-top-section elementor-element elementor-element-efd493e elementor-section-full_width elementor-section-height-default elementor-section-height-default\" data-id=\"efd493e\" data-element_type=\"section\">\n\t\t\t\t\t\t<div class=\"elementor-container elementor-column-gap-wide\">\n\t\t\t\t\t<div class=\"elementor-column elementor-col-100 elementor-top-column elementor-element elementor-element-18da075\" data-id=\"18da075\" data-element_type=\"column\">\n\t\t\t<div class=\"elementor-widget-wrap\">\n\t\t\t\t\t\t\t\t\t<\/div>\n\t\t<\/div>\n\t\t\t\t\t\t\t<\/div>\n\t\t<\/section>\n\t\t\t\t<section class=\"elementor-section elementor-top-section elementor-element elementor-element-82d3f8e elementor-section-full_width elementor-section-stretched elementor-section-height-default elementor-section-height-default\" data-id=\"82d3f8e\" data-element_type=\"section\" data-settings=\"{&quot;stretch_section&quot;:&quot;section-stretched&quot;,&quot;background_background&quot;:&quot;classic&quot;}\">\n\t\t\t\t\t\t<div class=\"elementor-container elementor-column-gap-default\">\n\t\t\t\t\t<div class=\"elementor-column elementor-col-100 elementor-top-column elementor-element elementor-element-03a4073\" data-id=\"03a4073\" data-element_type=\"column\">\n\t\t\t<div class=\"elementor-widget-wrap\">\n\t\t\t\t\t\t\t\t\t<\/div>\n\t\t<\/div>\n\t\t\t\t\t\t\t<\/div>\n\t\t<\/section>\n\t\t\t\t<section class=\"elementor-section elementor-top-section elementor-element elementor-element-50654ad elementor-section-boxed elementor-section-height-default elementor-section-height-default\" data-id=\"50654ad\" data-element_type=\"section\">\n\t\t\t\t\t\t<div class=\"elementor-container elementor-column-gap-default\">\n\t\t\t\t\t<div class=\"elementor-column elementor-col-100 elementor-top-column elementor-element elementor-element-236e291\" data-id=\"236e291\" data-element_type=\"column\">\n\t\t\t<div class=\"elementor-widget-wrap elementor-element-populated\">\n\t\t\t\t\t\t\t\t<div class=\"elementor-element elementor-element-766ba88 elementor-widget elementor-widget-heading\" data-id=\"766ba88\" data-element_type=\"widget\" data-widget_type=\"heading.default\">\n\t\t\t\t<div class=\"elementor-widget-container\">\n\t\t\t<style>\/*! elementor - v3.11.3 - 07-03-2023 *\/\n.elementor-heading-title{padding:0;margin:0;line-height:1}.elementor-widget-heading .elementor-heading-title[class*=elementor-size-]>a{color:inherit;font-size:inherit;line-height:inherit}.elementor-widget-heading .elementor-heading-title.elementor-size-small{font-size:15px}.elementor-widget-heading .elementor-heading-title.elementor-size-medium{font-size:19px}.elementor-widget-heading .elementor-heading-title.elementor-size-large{font-size:29px}.elementor-widget-heading .elementor-heading-title.elementor-size-xl{font-size:39px}.elementor-widget-heading .elementor-heading-title.elementor-size-xxl{font-size:59px}<\/style><h3 class=\"elementor-heading-title elementor-size-default\">\u0411\u041e\u0420\u0410 -\n\u041c\u042b \u0421\u041e\u0412\u0415\u0420\u0428\u0410\u0415\u041c \u0420\u0415\u0412\u041e\u041b\u042e\u0426\u0418\u042e \u0412 \u0414\u0418\u0417\u0410\u0419\u041d\u0415 \u0418 \u0424\u0423\u041d\u041a\u0426\u0418\u041e\u041d\u0410\u041b\u042c\u041d\u041e\u0421\u0422\u0418 \u041a\u0423\u0425\u041d\u0418.<\/h3>\t\t<\/div>\n\t\t\t\t<\/div>\n\t\t\t\t\t<\/div>\n\t\t<\/div>\n\t\t\t\t\t\t\t<\/div>\n\t\t<\/section>\n\t\t\t\t<section class=\"elementor-section elementor-top-section elementor-element elementor-element-47b27ee elementor-section-boxed elementor-section-height-default elementor-section-height-default\" data-id=\"47b27ee\" data-element_type=\"section\">\n\t\t\t\t\t\t<div class=\"elementor-container elementor-column-gap-default\">\n\t\t\t\t\t<div class=\"elementor-column elementor-col-100 elementor-top-column elementor-element elementor-element-f56b974\" data-id=\"f56b974\" data-element_type=\"column\">\n\t\t\t<div class=\"elementor-widget-wrap elementor-element-populated\">\n\t\t\t\t\t\t\t\t<div class=\"elementor-element elementor-element-613d55a elementor-widget elementor-widget-text-editor\" data-id=\"613d55a\" data-element_type=\"widget\" data-widget_type=\"text-editor.default\">\n\t\t\t\t<div class=\"elementor-widget-container\">\n\t\t\t<style>\/*! elementor - v3.11.3 - 07-03-2023 *\/\n.elementor-widget-text-editor.elementor-drop-cap-view-stacked .elementor-drop-cap{background-color:#818a91;color:#fff}.elementor-widget-text-editor.elementor-drop-cap-view-framed .elementor-drop-cap{color:#818a91;border:3px solid;background-color:transparent}.elementor-widget-text-editor:not(.elementor-drop-cap-view-default) .elementor-drop-cap{margin-top:8px}.elementor-widget-text-editor:not(.elementor-drop-cap-view-default) .elementor-drop-cap-letter{width:1em;height:1em}.elementor-widget-text-editor .elementor-drop-cap{float:left;text-align:center;line-height:1;font-size:50px}.elementor-widget-text-editor .elementor-drop-cap-letter{display:inline-block}<\/style>\t\t\t\t<p>\u041c\u044b \u0443\u0432\u043b\u0435\u0447\u0435\u043d\u044b \u043f\u0430\u0440\u043e\u043c.<br>\u0420\u0430\u0437\u0440\u0430\u0431\u043e\u0442\u0430\u0432 \u0440\u0435\u0432\u043e\u043b\u044e\u0446\u0438\u043e\u043d\u043d\u0443\u044e \u0442\u0435\u0445\u043d\u043e\u043b\u043e\u0433\u0438\u044e \u044d\u043a\u0441\u0442\u0440\u0430\u043a\u0446\u0438\u0438, \u043c\u044b \u0442\u0435\u043f\u0435\u0440\u044c \u0438\u0441\u043f\u043e\u043b\u044c\u0437\u0443\u0435\u043c \u043f\u0430\u0440 \u0432 \u0435\u0433\u043e \u043b\u0443\u0447\u0448\u0435\u043c \u0432\u0438\u0434\u0435 \u2014 \u043f\u0440\u0438\u0433\u043e\u0442\u043e\u0432\u043b\u0435\u043d\u0438\u0438 \u043f\u0438\u0449\u0438. \u0414\u0443\u0445\u043e\u0432\u043e\u0439 \u0448\u043a\u0430\u0444 BORA X BO \u0438 \u043f\u0440\u043e\u0444\u0435\u0441\u0441\u0438\u043e\u043d\u0430\u043b\u044c\u043d\u044b\u0439 \u0431\u044b\u0442\u043e\u0432\u043e\u0439 \u043f\u0440\u0438\u0431\u043e\u0440 - \u043f\u0440\u0438\u0432\u043d\u043e\u0441\u044f\u0442 \u043d\u0430 \u043a\u0443\u0445\u043d\u044e \u043d\u043e\u0432\u044b\u0435 \u0443\u0434\u043e\u0431\u0441\u0442\u0432\u0430 \u0434\u043b\u044f \u043f\u0440\u0438\u0433\u043e\u0442\u043e\u0432\u043b\u0435\u043d\u0438\u044f \u043f\u0438\u0449\u0438. \u042d\u0442\u0430 \u043a\u043e\u043c\u0431\u0438\u043d\u0430\u0446\u0438\u044f \u0437\u043d\u0430\u043c\u0435\u043d\u0443\u0435\u0442 \u0441\u043e\u0431\u043e\u0439 \u043d\u0430\u0447\u0430\u043b\u043e \u0441\u043b\u0435\u0434\u0443\u044e\u0449\u0435\u0439 \u0433\u043b\u0430\u0432\u044b \u0432 \u043d\u0430\u0448\u0435\u0439 \u0438\u0441\u0442\u043e\u0440\u0438\u0438: \u043d\u0435\u043e\u0433\u0440\u0430\u043d\u0438\u0447\u0435\u043d\u043d\u0430\u044f \u0441\u0432\u043e\u0431\u043e\u0434\u0430 \u0434\u0438\u0437\u0430\u0439\u043d\u0430 \u0438 \u043f\u0440\u0435\u0432\u043e\u0441\u0445\u043e\u0434\u043d\u044b\u0435 \u0440\u0435\u0437\u0443\u043b\u044c\u0442\u0430\u0442\u044b \u043f\u0440\u0438\u0433\u043e\u0442\u043e\u0432\u043b\u0435\u043d\u0438\u044f \u043b\u0443\u0447\u0448\u0438\u0445 \u043a\u0443\u0445\u043e\u043d\u044c \u043c\u0438\u0440\u0430.<\/p>\n<p>\u0423\u0431\u0438\u0440\u0430\u0435\u043c \u0437\u0430\u043f\u0430\u0445\u0438 \u0438 \u0447\u0430\u0441\u0442\u0438\u0446\u044b \u0436\u0438\u0440\u0430 \u043f\u0440\u044f\u043c\u043e \u0441 \u043a\u0443\u0445\u043e\u043d\u043d\u043e\u0439 \u0443\u0442\u0432\u0430\u0440\u0438. \u042d\u0442\u043e \u043f\u0440\u0435\u0434\u043e\u0442\u0432\u0440\u0430\u0442\u0438\u0442 \u043f\u043e\u0434\u043d\u044f\u0442\u0438\u0435 \u043f\u0430\u0440\u043e\u0432 \u043f\u0438\u0449\u0438 \u0438 \u0440\u0430\u0437\u0434\u0440\u0430\u0436\u0435\u043d\u0438\u0435 \u043f\u043e \u0432\u0441\u0435\u0439 \u043a\u043e\u043c\u043d\u0430\u0442\u0435. \u0427\u0430\u0441\u0442\u0438\u0446\u044b \u0436\u0438\u0440\u0430, \u0432\u044b\u0434\u0435\u043b\u044f\u044e\u0449\u0438\u0435\u0441\u044f \u0432\u043e \u0432\u0440\u0435\u043c\u044f \u0432\u044b\u043f\u0435\u043a\u0430\u043d\u0438\u044f, \u044d\u0444\u0444\u0435\u043a\u0442\u0438\u0432\u043d\u043e \u0443\u043b\u0430\u0432\u043b\u0438\u0432\u0430\u044e\u0442\u0441\u044f \u0436\u0438\u0440\u043e\u0443\u043b\u0430\u0432\u043b\u0438\u0432\u0430\u044e\u0449\u0438\u043c \u0444\u0438\u043b\u044c\u0442\u0440\u043e\u043c \u0438\u0437 \u043d\u0435\u0440\u0436\u0430\u0432\u0435\u044e\u0449\u0435\u0439 \u0441\u0442\u0430\u043b\u0438. \u042d\u0442\u043e \u0437\u0430\u0441\u0442\u0430\u0432\u043b\u044f\u0435\u0442 \u0432\u0430\u0441 \u0447\u0443\u0432\u0441\u0442\u0432\u043e\u0432\u0430\u0442\u044c, \u0447\u0442\u043e \u0432\u044b \u0435\u0434\u0438\u0442\u0435 \u043d\u0430 \u0441\u0432\u0435\u0436\u0435\u043c \u0432\u043e\u0437\u0434\u0443\u0445\u0435.<\/p>\n<p>\u041e\u0447\u0438\u0441\u0442\u043a\u0430 \u043e\u0431\u044b\u0447\u043d\u044b\u0445 \u043e\u0447\u0438\u0441\u0442\u0438\u0442\u0435\u043b\u0435\u0439 \u0432\u043e\u0437\u0434\u0443\u0445\u0430 \u0442\u0440\u0443\u0434\u043e\u0435\u043c\u043a\u0430 \u0438 \u0437\u0430\u043d\u0438\u043c\u0430\u0435\u0442 \u043c\u043d\u043e\u0433\u043e \u0432\u0440\u0435\u043c\u0435\u043d\u0438. \u041d\u0430\u043f\u0440\u043e\u0442\u0438\u0432, \u043d\u0430\u0448\u0438 \u043f\u0440\u043e\u0434\u0443\u043a\u0442\u044b \u0432\u043f\u0435\u0447\u0430\u0442\u043b\u044f\u044e\u0442 \u0432\u044b\u0434\u0430\u044e\u0449\u0438\u043c\u0438\u0441\u044f \u043f\u043e\u0432\u0441\u0435\u0434\u043d\u0435\u0432\u043d\u044b\u043c\u0438 \u043f\u0440\u0435\u0438\u043c\u0443\u0449\u0435\u0441\u0442\u0432\u0430\u043c\u0438, \u0434\u0430\u0436\u0435 \u043a\u043e\u0433\u0434\u0430 \u0440\u0435\u0447\u044c \u0438\u0434\u0435\u0442 \u043e \u043e\u0447\u0438\u0441\u0442\u043a\u0435 \u0438 \u043e\u0431\u0441\u043b\u0443\u0436\u0438\u0432\u0430\u043d\u0438\u0438. \u0412\u0441\u0435 \u043f\u043e\u0434\u0432\u0438\u0436\u043d\u044b\u0435 \u0447\u0430\u0441\u0442\u0438 \u043b\u0435\u0433\u043a\u043e \u0440\u0430\u0437\u0431\u0438\u0440\u0430\u044e\u0442\u0441\u044f \u0431\u0435\u0437 \u0438\u043d\u0441\u0442\u0440\u0443\u043c\u0435\u043d\u0442\u043e\u0432 \u0438 \u043c\u043e\u044e\u0442\u0441\u044f \u0432 \u043f\u043e\u0441\u0443\u0434\u043e\u043c\u043e\u0435\u0447\u043d\u043e\u0439 \u043c\u0430\u0448\u0438\u043d\u0435.<\/p>\t\t\t\t\t\t<\/div>\n\t\t\t\t<\/div>\n\t\t\t\t\t<\/div>\n\t\t<\/div>\n\t\t\t\t\t\t\t<\/div>\n\t\t<\/section>\n\t\t\t\t<section class=\"elementor-section elementor-top-section elementor-element elementor-element-b6af69d elementor-section-full_width elementor-section-height-default elementor-section-height-default\" data-id=\"b6af69d\" data-element_type=\"section\">\n\t\t\t\t\t\t<div class=\"elementor-container elementor-column-gap-default\">\n\t\t\t\t\t<div class=\"elementor-column elementor-col-50 elementor-top-column elementor-element elementor-element-19ecfa9\" data-id=\"19ecfa9\" data-element_type=\"column\">\n\t\t\t<div class=\"elementor-widget-wrap elementor-element-populated\">\n\t\t\t\t\t\t\t\t<div class=\"elementor-element elementor-element-d7f2420 elementor-widget elementor-widget-image\" data-id=\"d7f2420\" data-element_type=\"widget\" data-widget_type=\"image.default\">\n\t\t\t\t<div class=\"elementor-widget-container\">\n\t\t\t<style>\/*! elementor - v3.11.3 - 07-03-2023 *\/\n.elementor-widget-image{text-align:center}.elementor-widget-image a{display:inline-block}.elementor-widget-image a img[src$=\".svg\"]{width:48px}.elementor-widget-image img{vertical-align:middle;display:inline-block}<\/style>\t\t\t\t\t\t\t\t\t\t\t\t<img decoding=\"async\" width=\"960\" height=\"540\" src=\"https:\/\/bora.haecker.ee\/wp-content\/uploads\/2022\/02\/csm_BORA_Homepage_Produkte_Flexbackofen_2f5988d189.jpg.webp\" class=\"attachment-large size-large wp-image-574\" alt=\"BORA\" srcset=\"https:\/\/bora.haecker.ee\/wp-content\/uploads\/2022\/02\/csm_BORA_Homepage_Produkte_Flexbackofen_2f5988d189.jpg.webp 960w, https:\/\/bora.haecker.ee\/wp-content\/uploads\/2022\/02\/csm_BORA_Homepage_Produkte_Flexbackofen_2f5988d189.jpg-300x169.webp 300w, https:\/\/bora.haecker.ee\/wp-content\/uploads\/2022\/02\/csm_BORA_Homepage_Produkte_Flexbackofen_2f5988d189.jpg-768x432.webp 768w\" sizes=\"(max-width: 960px) 100vw, 960px\" \/>\t\t\t\t\t\t\t\t\t\t\t\t\t\t\t<\/div>\n\t\t\t\t<\/div>\n\t\t\t\t<div class=\"elementor-element elementor-element-5e709dc elementor-widget elementor-widget-heading\" data-id=\"5e709dc\" data-element_type=\"widget\" data-widget_type=\"heading.default\">\n\t\t\t\t<div class=\"elementor-widget-container\">\n\t\t\t<h3 class=\"elementor-heading-title elementor-size-default\"><a href=\"https:\/\/bora.haecker.ee\/ru\/bora-pure\/\">\u2192 V\u00c4LJAT\u00d5MBE S\u00dcSTEEMID<\/a><\/h3>\t\t<\/div>\n\t\t\t\t<\/div>\n\t\t\t\t\t<\/div>\n\t\t<\/div>\n\t\t\t\t<div class=\"elementor-column elementor-col-50 elementor-top-column elementor-element elementor-element-6b40618\" data-id=\"6b40618\" data-element_type=\"column\">\n\t\t\t<div class=\"elementor-widget-wrap elementor-element-populated\">\n\t\t\t\t\t\t\t\t<div class=\"elementor-element elementor-element-07f569f elementor-widget elementor-widget-image\" data-id=\"07f569f\" data-element_type=\"widget\" data-widget_type=\"image.default\">\n\t\t\t\t<div class=\"elementor-widget-container\">\n\t\t\t\t\t\t\t\t\t\t\t\t\t\t\t<img decoding=\"async\" width=\"960\" height=\"540\" src=\"https:\/\/bora.haecker.ee\/wp-content\/uploads\/2022\/02\/csm_BORA_Homepage_Produkte_Kochfeldabzugssysteme_8b2bfccb8a.jpg.webp\" class=\"attachment-large size-large wp-image-575\" alt=\"BORA\" srcset=\"https:\/\/bora.haecker.ee\/wp-content\/uploads\/2022\/02\/csm_BORA_Homepage_Produkte_Kochfeldabzugssysteme_8b2bfccb8a.jpg.webp 960w, https:\/\/bora.haecker.ee\/wp-content\/uploads\/2022\/02\/csm_BORA_Homepage_Produkte_Kochfeldabzugssysteme_8b2bfccb8a.jpg-300x169.webp 300w, https:\/\/bora.haecker.ee\/wp-content\/uploads\/2022\/02\/csm_BORA_Homepage_Produkte_Kochfeldabzugssysteme_8b2bfccb8a.jpg-768x432.webp 768w\" sizes=\"(max-width: 960px) 100vw, 960px\" \/>\t\t\t\t\t\t\t\t\t\t\t\t\t\t\t<\/div>\n\t\t\t\t<\/div>\n\t\t\t\t<div class=\"elementor-element elementor-element-ff94b60 elementor-widget elementor-widget-heading\" data-id=\"ff94b60\" data-element_type=\"widget\" data-widget_type=\"heading.default\">\n\t\t\t\t<div class=\"elementor-widget-container\">\n\t\t\t<h3 class=\"elementor-heading-title elementor-size-default\"><a href=\"https:\/\/bora.haecker.ee\/ru\/bora-x-bo\/\">\u2192 BORA AHJUD<\/a><\/h3>\t\t<\/div>\n\t\t\t\t<\/div>\n\t\t\t\t\t<\/div>\n\t\t<\/div>\n\t\t\t\t\t\t\t<\/div>\n\t\t<\/section>\n\t\t\t\t<div class=\"elementor-section elementor-top-section elementor-element elementor-element-3ce5e54 elementor-section-full_width elementor-section-content-middle elementor-section-height-default elementor-section-height-default\" data-id=\"3ce5e54\" data-element_type=\"section\" data-settings=\"{&quot;background_background&quot;:&quot;classic&quot;}\">\n\t\t\t\t\t\t<div class=\"elementor-container elementor-column-gap-default\">\n\t\t\t\t\t<div class=\"elementor-column elementor-col-100 elementor-top-column elementor-element elementor-element-623b63a\" data-id=\"623b63a\" data-element_type=\"column\">\n\t\t\t<div class=\"elementor-widget-wrap elementor-element-populated\">\n\t\t\t\t\t\t\t\t<section class=\"elementor-section elementor-inner-section elementor-element elementor-element-2f4420a elementor-section-boxed elementor-section-height-default elementor-section-height-default\" data-id=\"2f4420a\" data-element_type=\"section\">\n\t\t\t\t\t\t<div class=\"elementor-container elementor-column-gap-default\">\n\t\t\t\t\t<div class=\"elementor-column elementor-col-50 elementor-inner-column elementor-element elementor-element-67737bb\" data-id=\"67737bb\" data-element_type=\"column\">\n\t\t\t<div class=\"elementor-widget-wrap\">\n\t\t\t\t\t\t\t\t\t<\/div>\n\t\t<\/div>\n\t\t\t\t<div class=\"elementor-column elementor-col-50 elementor-inner-column elementor-element elementor-element-f13ab57\" data-id=\"f13ab57\" data-element_type=\"column\">\n\t\t\t<div class=\"elementor-widget-wrap\">\n\t\t\t\t\t\t\t\t\t<\/div>\n\t\t<\/div>\n\t\t\t\t\t\t\t<\/div>\n\t\t<\/section>\n\t\t\t\t\t<\/div>\n\t\t<\/div>\n\t\t\t\t\t\t\t<\/div>\n\t\t<\/div>\n\t\t\t\t\t\t\t<\/div>","protected":false},"excerpt":{"rendered":"<p>BORA &#8211; TEEME REVOLUTSIOONI K\u00d6\u00d6KIDE DISAINIS JA FUNKTSIOONAALSUSES. Oleme kirglikud auru vastu.Olles v\u00e4lja t\u00f6\u00f6tanud revolutsioonilise ekstraheerimistehnoloogia, kasutame n\u00fc\u00fcd auru selle parimal kujul \u2013 toiduvalmistamiseks. BORA X BO ahi ja professionaalne kodumasin \u2013 toob k\u00f6\u00f6ki toiduvalmistamise uue mugavuse. See kombinatsioon t\u00e4histab meie loo j\u00e4rgmise peat\u00fcki algust: piiritu disainivabadus ja t\u00e4iuslikud toiduvalmistamise tulemused maailma parimate k\u00f6\u00f6kide jaoks.&hellip;&nbsp;<a href=\"https:\/\/bora.haecker.ee\/ru\/\" class=\"\" rel=\"bookmark\">\u041f\u043e\u0434\u0440\u043e\u0431\u043d\u0435\u0435 &raquo;<span class=\"screen-reader-text\">BORA<\/span><\/a><\/p>","protected":false},"author":6,"featured_media":0,"parent":0,"menu_order":0,"comment_status":"closed","ping_status":"closed","template":"","meta":{"neve_meta_sidebar":"","neve_meta_container":"","neve_meta_enable_content_width":"on","neve_meta_content_width":100,"neve_meta_title_alignment":"","neve_meta_author_avatar":"","neve_post_elements_order":"","neve_meta_disable_header":"","neve_meta_disable_footer":"","neve_meta_disable_title":"on"},"yoast_head":"<!-- This site is optimized with the Yoast SEO plugin v20.4 - https:\/\/yoast.com\/wordpress\/plugins\/seo\/ -->\n<title>BORA - Bora EESTI K\u00f6\u00f6gitehnika - Gold Partner<\/title>\n<meta name=\"description\" content=\"bora, k\u00f6\u00f6gitehnika, bora eesti, pure, professional, classic, s pure, x pure, x bo, ahjud, pliidiplaadid, integreeritud pliidid\" \/>\n<meta name=\"robots\" content=\"index, follow, max-snippet:-1, max-image-preview:large, max-video-preview:-1\" \/>\n<link rel=\"canonical\" href=\"https:\/\/bora.haecker.ee\/ru\/\" \/>\n<meta property=\"og:locale\" content=\"ru_RU\" \/>\n<meta property=\"og:type\" content=\"article\" \/>\n<meta property=\"og:title\" content=\"BORA - Bora EESTI K\u00f6\u00f6gitehnika - Gold Partner\" \/>\n<meta property=\"og:description\" content=\"bora, k\u00f6\u00f6gitehnika, bora eesti, pure, professional, classic, s pure, x pure, x bo, ahjud, pliidiplaadid, integreeritud pliidid\" \/>\n<meta property=\"og:url\" content=\"https:\/\/bora.haecker.ee\/ru\/\" \/>\n<meta property=\"og:site_name\" content=\"Bora EESTI K\u00f6\u00f6gitehnika - Gold Partner\" \/>\n<meta property=\"article:publisher\" content=\"https:\/\/www.facebook.com\/BORA-Eesti-106926541987101\" \/>\n<meta property=\"article:modified_time\" content=\"2022-04-05T13:27:07+00:00\" \/>\n<meta property=\"og:image\" content=\"https:\/\/bora.haecker.ee\/wp-content\/uploads\/2022\/02\/csm_BORA_Homepage_Produkte_Flexbackofen_2f5988d189.jpg.webp\" \/>\n<meta name=\"twitter:card\" content=\"summary_large_image\" \/>\n<meta name=\"twitter:label1\" content=\"\u041f\u0440\u0438\u043c\u0435\u0440\u043d\u043e\u0435 \u0432\u0440\u0435\u043c\u044f \u0434\u043b\u044f \u0447\u0442\u0435\u043d\u0438\u044f\" \/>\n\t<meta name=\"twitter:data1\" content=\"2 \u043c\u0438\u043d\u0443\u0442\u044b\" \/>\n<script type=\"application\/ld+json\" class=\"yoast-schema-graph\">{\"@context\":\"https:\/\/schema.org\",\"@graph\":[{\"@type\":\"WebPage\",\"@id\":\"https:\/\/bora.haecker.ee\/\",\"url\":\"https:\/\/bora.haecker.ee\/\",\"name\":\"BORA - Bora EESTI K\u00f6\u00f6gitehnika - Gold Partner\",\"isPartOf\":{\"@id\":\"https:\/\/bora.haecker.ee\/#website\"},\"datePublished\":\"2022-02-05T15:05:33+00:00\",\"dateModified\":\"2022-04-05T13:27:07+00:00\",\"description\":\"bora, k\u00f6\u00f6gitehnika, bora eesti, pure, professional, classic, s pure, x pure, x bo, ahjud, pliidiplaadid, integreeritud pliidid\",\"breadcrumb\":{\"@id\":\"https:\/\/bora.haecker.ee\/#breadcrumb\"},\"inLanguage\":\"ru-RU\",\"potentialAction\":[{\"@type\":\"ReadAction\",\"target\":[\"https:\/\/bora.haecker.ee\/\"]}]},{\"@type\":\"BreadcrumbList\",\"@id\":\"https:\/\/bora.haecker.ee\/#breadcrumb\",\"itemListElement\":[{\"@type\":\"ListItem\",\"position\":1,\"name\":\"Home\",\"item\":\"https:\/\/bora.haecker.ee\/\"},{\"@type\":\"ListItem\",\"position\":2,\"name\":\"BORA\"}]},{\"@type\":\"WebSite\",\"@id\":\"https:\/\/bora.haecker.ee\/#website\",\"url\":\"https:\/\/bora.haecker.ee\/\",\"name\":\"Bora EESTI K\u00f6\u00f6gitehnika - Gold Partner\",\"description\":\"Bora, K\u00f6\u00f6gitehnika, tehnika, k\u00f6\u00f6gid, Bora Eesti, pliidid, ahjud, pliidiplaadid, integreeritud ahjud, integreeritud pliidid, saksa kvaliteet, saksa tehnika, saksa k\u00f6\u00f6gitehnika\",\"publisher\":{\"@id\":\"https:\/\/bora.haecker.ee\/#organization\"},\"potentialAction\":[{\"@type\":\"SearchAction\",\"target\":{\"@type\":\"EntryPoint\",\"urlTemplate\":\"https:\/\/bora.haecker.ee\/?s={search_term_string}\"},\"query-input\":\"required name=search_term_string\"}],\"inLanguage\":\"ru-RU\"},{\"@type\":\"Organization\",\"@id\":\"https:\/\/bora.haecker.ee\/#organization\",\"name\":\"BORA\",\"url\":\"https:\/\/bora.haecker.ee\/\",\"logo\":{\"@type\":\"ImageObject\",\"inLanguage\":\"ru-RU\",\"@id\":\"https:\/\/bora.haecker.ee\/#\/schema\/logo\/image\/\",\"url\":\"https:\/\/bora.haecker.ee\/wp-content\/uploads\/2022\/04\/csm_Pressemitteilung_BORA_Logo_2c856a7995.jpg\",\"contentUrl\":\"https:\/\/bora.haecker.ee\/wp-content\/uploads\/2022\/04\/csm_Pressemitteilung_BORA_Logo_2c856a7995.jpg\",\"width\":1200,\"height\":675,\"caption\":\"BORA\"},\"image\":{\"@id\":\"https:\/\/bora.haecker.ee\/#\/schema\/logo\/image\/\"},\"sameAs\":[\"https:\/\/www.facebook.com\/BORA-Eesti-106926541987101\"]}]}<\/script>\n<!-- \/ Yoast SEO plugin. -->","yoast_head_json":{"title":"BORA - Bora EESTI K\u00f6\u00f6gitehnika - Gold Partner","description":"bora, k\u00f6\u00f6gitehnika, bora eesti, pure, professional, classic, s pure, x pure, x bo, ahjud, pliidiplaadid, integreeritud pliidid","robots":{"index":"index","follow":"follow","max-snippet":"max-snippet:-1","max-image-preview":"max-image-preview:large","max-video-preview":"max-video-preview:-1"},"canonical":"https:\/\/bora.haecker.ee\/ru\/","og_locale":"ru_RU","og_type":"article","og_title":"BORA - Bora EESTI K\u00f6\u00f6gitehnika - Gold Partner","og_description":"bora, k\u00f6\u00f6gitehnika, bora eesti, pure, professional, classic, s pure, x pure, x bo, ahjud, pliidiplaadid, integreeritud pliidid","og_url":"https:\/\/bora.haecker.ee\/ru\/","og_site_name":"Bora EESTI K\u00f6\u00f6gitehnika - Gold Partner","article_publisher":"https:\/\/www.facebook.com\/BORA-Eesti-106926541987101","article_modified_time":"2022-04-05T13:27:07+00:00","og_image":[{"url":"https:\/\/bora.haecker.ee\/wp-content\/uploads\/2022\/02\/csm_BORA_Homepage_Produkte_Flexbackofen_2f5988d189.jpg.webp"}],"twitter_card":"summary_large_image","twitter_misc":{"\u041f\u0440\u0438\u043c\u0435\u0440\u043d\u043e\u0435 \u0432\u0440\u0435\u043c\u044f \u0434\u043b\u044f \u0447\u0442\u0435\u043d\u0438\u044f":"2 \u043c\u0438\u043d\u0443\u0442\u044b"},"schema":{"@context":"https:\/\/schema.org","@graph":[{"@type":"WebPage","@id":"https:\/\/bora.haecker.ee\/","url":"https:\/\/bora.haecker.ee\/","name":"BORA - Bora EESTI K\u00f6\u00f6gitehnika - Gold Partner","isPartOf":{"@id":"https:\/\/bora.haecker.ee\/#website"},"datePublished":"2022-02-05T15:05:33+00:00","dateModified":"2022-04-05T13:27:07+00:00","description":"bora, k\u00f6\u00f6gitehnika, bora eesti, pure, professional, classic, s pure, x pure, x bo, ahjud, pliidiplaadid, integreeritud pliidid","breadcrumb":{"@id":"https:\/\/bora.haecker.ee\/#breadcrumb"},"inLanguage":"ru-RU","potentialAction":[{"@type":"ReadAction","target":["https:\/\/bora.haecker.ee\/"]}]},{"@type":"BreadcrumbList","@id":"https:\/\/bora.haecker.ee\/#breadcrumb","itemListElement":[{"@type":"ListItem","position":1,"name":"Home","item":"https:\/\/bora.haecker.ee\/"},{"@type":"ListItem","position":2,"name":"BORA"}]},{"@type":"WebSite","@id":"https:\/\/bora.haecker.ee\/#website","url":"https:\/\/bora.haecker.ee\/","name":"Bora EESTI K\u00f6\u00f6gitehnika - Gold Partner","description":"Bora, K\u00f6\u00f6gitehnika, tehnika, k\u00f6\u00f6gid, Bora Eesti, pliidid, ahjud, pliidiplaadid, integreeritud ahjud, integreeritud pliidid, saksa kvaliteet, saksa tehnika, saksa k\u00f6\u00f6gitehnika","publisher":{"@id":"https:\/\/bora.haecker.ee\/#organization"},"potentialAction":[{"@type":"SearchAction","target":{"@type":"EntryPoint","urlTemplate":"https:\/\/bora.haecker.ee\/?s={search_term_string}"},"query-input":"required name=search_term_string"}],"inLanguage":"ru-RU"},{"@type":"Organization","@id":"https:\/\/bora.haecker.ee\/#organization","name":"BORA","url":"https:\/\/bora.haecker.ee\/","logo":{"@type":"ImageObject","inLanguage":"ru-RU","@id":"https:\/\/bora.haecker.ee\/#\/schema\/logo\/image\/","url":"https:\/\/bora.haecker.ee\/wp-content\/uploads\/2022\/04\/csm_Pressemitteilung_BORA_Logo_2c856a7995.jpg","contentUrl":"https:\/\/bora.haecker.ee\/wp-content\/uploads\/2022\/04\/csm_Pressemitteilung_BORA_Logo_2c856a7995.jpg","width":1200,"height":675,"caption":"BORA"},"image":{"@id":"https:\/\/bora.haecker.ee\/#\/schema\/logo\/image\/"},"sameAs":["https:\/\/www.facebook.com\/BORA-Eesti-106926541987101"]}]}},"_links":{"self":[{"href":"https:\/\/bora.haecker.ee\/ru\/wp-json\/wp\/v2\/pages\/6"}],"collection":[{"href":"https:\/\/bora.haecker.ee\/ru\/wp-json\/wp\/v2\/pages"}],"about":[{"href":"https:\/\/bora.haecker.ee\/ru\/wp-json\/wp\/v2\/types\/page"}],"author":[{"embeddable":true,"href":"https:\/\/bora.haecker.ee\/ru\/wp-json\/wp\/v2\/users\/6"}],"replies":[{"embeddable":true,"href":"https:\/\/bora.haecker.ee\/ru\/wp-json\/wp\/v2\/comments?post=6"}],"version-history":[{"count":290,"href":"https:\/\/bora.haecker.ee\/ru\/wp-json\/wp\/v2\/pages\/6\/revisions"}],"predecessor-version":[{"id":6010,"href":"https:\/\/bora.haecker.ee\/ru\/wp-json\/wp\/v2\/pages\/6\/revisions\/6010"}],"wp:attachment":[{"href":"https:\/\/bora.haecker.ee\/ru\/wp-json\/wp\/v2\/media?parent=6"}],"curies":[{"name":"wp","href":"https:\/\/api.w.org\/{rel}","templated":true}]}}